{"id":99,"date":"2010-05-27T20:26:51","date_gmt":"2010-05-27T20:26:51","guid":{"rendered":"http:\/\/www.coza.pl\/wp\/?page_id=99"},"modified":"2023-02-18T16:50:38","modified_gmt":"2023-02-18T14:50:38","slug":"kontakt-2","status":"publish","type":"page","link":"https:\/\/dekorowanieokien.pl\/?page_id=99","title":{"rendered":"KONTAKT &#8211;"},"content":{"rendered":"<h2><a href=\"http:\/\/www.coza.pl\/?attachment_id=730\" rel=\"attachment wp-att-730\"><img loading=\"lazy\" decoding=\"async\" id=\"exifviewer-img-2\" class=\"aligncenter size-full wp-image-730\" title=\"sklep\" src=\"http:\/\/www.coza.pl\/wp-content\/uploads\/2010\/05\/sklep.jpg\" alt=\"\" width=\"1000\" height=\"227\"><\/a><\/h2>\r\n\r\n<div class=\"wp-block-group\"><div class=\"wp-block-group__inner-container is-layout-flow wp-block-group-is-layout-flow\">\r\n<div class=\"wp-block-columns is-layout-flex wp-container-core-columns-is-layout-9d6595d7 wp-block-columns-is-layout-flex\">\r\n<div class=\"wp-block-column is-layout-flow wp-block-column-is-layout-flow\" style=\"flex-basis: 33.34%;\">\r\n<p><strong>STUDIO DEKOROWANIA OKIEN<br><\/strong>Legionowo 05-120<br>ul. Suwalna 10<\/p>\r\n\r\n\r\n\r\n<p><strong>GODZINY OTWARCIA<br><\/strong>Poniedzia\u0142ek &#8211; Pi\u0105tek<br>10.00 &#8211; 18.00<br>Sobota<br>10.00 &#8211; 13.00<\/p>\r\n\r\n\r\n\r\n<p><strong>KONTAKT<\/strong><\/p>\r\n\r\n\r\n\r\n<h4 class=\"wp-block-heading\">Katarzyna Koz\u0142owska<br>tel: 601 362 500<\/h4>\r\n\r\n\r\n\r\n<p>Maciej Koz\u0142owski<br>tel: 601 362 925<br>lub<br>przez formularz zamieszczony obok &gt;&nbsp;<\/p>\r\n<\/div>\r\n\r\n\r\n\r\n<div class=\"wp-block-column is-layout-flow wp-block-column-is-layout-flow\" style=\"flex-basis: 66.66%;\">\r\n<p>[contact-form 1 &#8222;Formularz kontaktowy 1&#8221;]<\/p>\r\n<\/div>\r\n<\/div>\r\n<\/div><\/div>\r\n\r\n\r\n\r\n<div class=\"wp-block-group\"><div class=\"wp-block-group__inner-container is-layout-flow wp-block-group-is-layout-flow\">\r\n<div class=\"wp-block-columns are-vertically-aligned-center is-layout-flex wp-container-core-columns-is-layout-9d6595d7 wp-block-columns-is-layout-flex\">\r\n<div class=\"wp-block-column is-vertically-aligned-center is-layout-flow wp-block-column-is-layout-flow\" style=\"flex-basis: 5%;\">&nbsp;<\/div>\r\n\r\n\r\n\r\n<div class=\"wp-block-column is-vertically-aligned-center is-layout-flow wp-block-column-is-layout-flow\" style=\"flex-basis: 93.4%;\"> <strong>MAPKA<\/strong>\r\n<p>&nbsp;<\/p>\r\n<p><iframe loading=\"lazy\" style=\"border: 0;\" tabindex=\"0\" src=\"https:\/\/www.google.com\/maps\/embed?pb=!1m18!1m12!1m3!1d1720.5754853848443!2d20.92593306967798!3d52.42006503464293!2m3!1f0!2f0!3f0!3m2!1i1024!2i768!4f13.1!3m3!1m2!1s0x471eb860622e4909%3A0xa4f4e07aec90a654!2sCoza%20Studio%20-%20Dekoracje%20okienne.!5e0!3m2!1spl!2spl!4v1590093730004!5m2!1spl!2spl\" width=\"1000\" height=\"450\" frameborder=\"0\" allowfullscreen=\"allowfullscreen\" aria-hidden=\"false\"><\/iframe><\/p>\r\n\r\n\r\n\r\n<p>&nbsp;<\/p>\r\n<\/div>\r\n\r\n\r\n\r\n<div class=\"wp-block-column is-vertically-aligned-center is-layout-flow wp-block-column-is-layout-flow\" style=\"flex-basis: 5%;\">&nbsp;<\/div>\r\n<\/div>\r\n<\/div><\/div>\r\n\r\n\r\n\r\n<p>&nbsp;<\/p>\r\n","protected":false},"excerpt":{"rendered":"<p>STUDIO DEKOROWANIA OKIENLegionowo 05-120ul. Suwalna 10 GODZINY OTWARCIAPoniedzia\u0142ek &#8211; Pi\u0105tek10.00 &#8211; 18.00Sobota10.00 &#8211; 13.00 KONTAKT Katarzyna Koz\u0142owskatel: 601 362 500 Maciej Koz\u0142owskitel: 601 362 925lubprzez formularz zamieszczony obok &gt;&nbsp; [contact-form 1 &#8222;Formularz kontaktowy 1&#8221;] &nbsp; MAPKA &nbsp; &nbsp; &nbsp; &nbsp;<\/p>\n","protected":false},"author":2,"featured_media":0,"parent":0,"menu_order":999,"comment_status":"closed","ping_status":"open","template":"","meta":{"ngg_post_thumbnail":0,"footnotes":""},"class_list":["post-99","page","type-page","status-publish","hentry"],"_links":{"self":[{"href":"https:\/\/dekorowanieokien.pl\/index.php?rest_route=\/wp\/v2\/pages\/99","targetHints":{"allow":["GET"]}}],"collection":[{"href":"https:\/\/dekorowanieokien.pl\/index.php?rest_route=\/wp\/v2\/pages"}],"about":[{"href":"https:\/\/dekorowanieokien.pl\/index.php?rest_route=\/wp\/v2\/types\/page"}],"author":[{"embeddable":true,"href":"https:\/\/dekorowanieokien.pl\/index.php?rest_route=\/wp\/v2\/users\/2"}],"replies":[{"embeddable":true,"href":"https:\/\/dekorowanieokien.pl\/index.php?rest_route=%2Fwp%2Fv2%2Fcomments&post=99"}],"version-history":[{"count":2,"href":"https:\/\/dekorowanieokien.pl\/index.php?rest_route=\/wp\/v2\/pages\/99\/revisions"}],"predecessor-version":[{"id":3936,"href":"https:\/\/dekorowanieokien.pl\/index.php?rest_route=\/wp\/v2\/pages\/99\/revisions\/3936"}],"wp:attachment":[{"href":"https:\/\/dekorowanieokien.pl\/index.php?rest_route=%2Fwp%2Fv2%2Fmedia&parent=99"}],"curies":[{"name":"wp","href":"https:\/\/api.w.org\/{rel}","templated":true}]}}