{"id":877,"date":"2013-06-11T10:38:06","date_gmt":"2013-06-11T08:38:06","guid":{"rendered":"http:\/\/dekorowanieokien.pl\/?page_id=877"},"modified":"2023-05-17T14:23:04","modified_gmt":"2023-05-17T12:23:04","slug":"plisy","status":"publish","type":"page","link":"https:\/\/dekorowanieokien.pl\/?page_id=877","title":{"rendered":"PLISY"},"content":{"rendered":"\r\n<div class=\"wp-block-image\">\r\n<figure class=\"aligncenter\"><img loading=\"lazy\" decoding=\"async\" width=\"624\" height=\"227\" class=\"wp-image-933\" src=\"http:\/\/dekorowanieokien.pl\/wp-content\/uploads\/2013\/06\/plisa.jpg\" alt=\"plisa\" srcset=\"https:\/\/dekorowanieokien.pl\/wp-content\/uploads\/2013\/06\/plisa.jpg 624w, https:\/\/dekorowanieokien.pl\/wp-content\/uploads\/2013\/06\/plisa-150x54.jpg 150w, https:\/\/dekorowanieokien.pl\/wp-content\/uploads\/2013\/06\/plisa-300x109.jpg 300w\" sizes=\"auto, (max-width: 624px) 100vw, 624px\" \/><\/figure>\r\n<\/div>\r\n\r\n\r\n\r\n<h3 class=\"wp-block-heading\">Nowoczesny system zaciemniaj\u0105cy.<\/h3>\r\n\r\n\r\n\r\n<p><strong>System 20 mm<\/strong><\/p>\r\n\r\n\r\n\r\n<p style=\"font-size: 15px;\">Plisy&nbsp;to najbardziej zaawansowany technicznie system zaciemniaj\u0105cy.<br>Jego g\u0142\u00f3wn\u0105 zalet\u0105 jest mo\u017cliwo\u015b\u0107 zas\u0142oni\u0119cia okna o dowolnym kszta\u0142cie, np.: trapez, tr\u00f3jk\u0105t, p\u00f3\u0142kole, ko\u0142o.<\/p>\r\n\r\n\r\n\r\n<p style=\"font-size: 15px;\"><img loading=\"lazy\" decoding=\"async\" class=\"alignnone size-full wp-image-1775\" style=\"border: 1px solid black; margin: 5px;\" src=\"http:\/\/dekorowanieokien.pl\/wp-content\/uploads\/2013\/06\/yaluzja-plisowana-3.jpg\" alt=\"yaluzja-plisowana-3\" width=\"296\" height=\"212\"><img loading=\"lazy\" decoding=\"async\" class=\"alignnone size-full wp-image-1781\" style=\"border: 1px solid black; margin: 5px;\" src=\"http:\/\/dekorowanieokien.pl\/wp-content\/uploads\/2013\/06\/zaluzja-plisowana-10.jpg\" alt=\"zaluzja-plisowana-10\" width=\"297\" height=\"212\"><br>Plisy&nbsp;mog\u0105 funkcjonowa\u0107 r\u00f3wnie dobrze w pionie, jak i&nbsp;w poziomie, dzi\u0119ki czemu mo\u017cna je zamontowa\u0107 zar\u00f3wno na standardowych oknach jaki i na oknach dachowych.<br>Bogata oferta tkanin spe\u0142ni ka\u017cde oczekiwania pod k\u0105tem zar\u00f3wno estetyki jak i stopnia zaciemnienia.<br>Poza zwyk\u0142ymi oknami plisy&nbsp;polecane s\u0105 do zas\u0142aniania du\u017cych, przeszklonych powierzchni, np. ogrod\u00f3w zimowych czy okien wieloskrzyd\u0142owych.<br>Mog\u0105 by\u0107 montowane do listwy przyszybowej, we wn\u0119ce okna lub na \u015bcianie, podobnie jak roleta wolnowisz\u0105ca.<\/p>\r\n\r\n\r\n\r\n<figure class=\"wp-block-gallery columns-2 is-cropped wp-block-gallery-1 is-layout-flex wp-block-gallery-is-layout-flex\">\r\n<ul class=\"blocks-gallery-grid\">\r\n<li class=\"blocks-gallery-item\">\r\n<figure><img loading=\"lazy\" decoding=\"async\" width=\"212\" height=\"297\" class=\"wp-image-2817\" src=\"http:\/\/dekorowanieokien.pl\/wp-content\/uploads\/2020\/05\/zaluzja-plisowana-1.jpg\" alt=\"\" data-id=\"2817\" data-link=\"http:\/\/dekorowanieokien.pl\/?attachment_id=2817\" srcset=\"https:\/\/dekorowanieokien.pl\/wp-content\/uploads\/2020\/05\/zaluzja-plisowana-1.jpg 212w, https:\/\/dekorowanieokien.pl\/wp-content\/uploads\/2020\/05\/zaluzja-plisowana-1-107x150.jpg 107w\" sizes=\"auto, (max-width: 212px) 100vw, 212px\" \/><\/figure>\r\n<\/li>\r\n<li class=\"blocks-gallery-item\">\r\n<figure><img loading=\"lazy\" decoding=\"async\" width=\"212\" height=\"297\" class=\"wp-image-2818\" src=\"http:\/\/dekorowanieokien.pl\/wp-content\/uploads\/2020\/05\/yaluzja-plisowana-2.jpg\" alt=\"\" data-id=\"2818\" data-full-url=\"http:\/\/dekorowanieokien.pl\/wp-content\/uploads\/2020\/05\/yaluzja-plisowana-2.jpg\" data-link=\"http:\/\/dekorowanieokien.pl\/?attachment_id=2818\" srcset=\"https:\/\/dekorowanieokien.pl\/wp-content\/uploads\/2020\/05\/yaluzja-plisowana-2.jpg 212w, https:\/\/dekorowanieokien.pl\/wp-content\/uploads\/2020\/05\/yaluzja-plisowana-2-107x150.jpg 107w\" sizes=\"auto, (max-width: 212px) 100vw, 212px\" \/><\/figure>\r\n<\/li>\r\n<\/ul>\r\n<\/figure>\r\n\r\n\r\n\r\n<p style=\"font-size: 15px;\">Do plis mo\u017cna zastosowa\u0107 r\u00f3wnie\u017c sterowanie elektryczne.<\/p>\r\n\r\n\r\n\r\n<figure class=\"wp-block-image\"><img loading=\"lazy\" decoding=\"async\" width=\"297\" height=\"212\" class=\"wp-image-1778\" src=\"http:\/\/dekorowanieokien.pl\/wp-content\/uploads\/2013\/06\/zaluzja-plisowana-5.jpg\" alt=\"zaluzja-plisowana-5\"><\/figure>\r\n\r\n\r\n\r\n<p><strong>System 50 mm<\/strong><\/p>\r\n\r\n\r\n\r\n<p style=\"font-size: 15px;\">\u017baluzja plisowana systemu 50mm XLpleat&nbsp;jest najnowsz\u0105 propozycja do zaciemniania du\u017cych powierzchni okiennych. Bogata i r\u00f3\u017cnorodna oferta tkanin w po\u0142\u0105czeniu z eleganckim wygl\u0105dem tworzy produkt kt\u00f3ry wprowadzi now\u0105 jako\u015b\u0107 na rynku zaciemnie\u0144 wn\u0119trz.<br>Na uwag\u0119 w&nbsp;plisach systemu 50mm&nbsp;zas\u0142uguje bardzo ma\u0142y pakiet jaki tworzy si\u0119 po ca\u0142kowitym podci\u0105gni\u0119ciu \u017caluzji, dla przyk\u0142adu dla wysoko\u015bci 300cm b\u0119dzie to tylko ok. 8cm.<br><img loading=\"lazy\" decoding=\"async\" class=\"alignnone size-full wp-image-1779\" style=\"border: 1px solid black; margin: 5px;\" src=\"http:\/\/dekorowanieokien.pl\/wp-content\/uploads\/2013\/06\/zaluzja-plisowana-7.jpg\" alt=\"zaluzja-plisowana-7\" width=\"297\" height=\"212\"> <img loading=\"lazy\" decoding=\"async\" class=\"alignnone size-full wp-image-1776\" style=\"border: 1px solid black; margin: 5px;\" src=\"http:\/\/dekorowanieokien.pl\/wp-content\/uploads\/2013\/06\/yaluzja-plisowana-4.jpg\" alt=\"yaluzja-plisowana-4\" width=\"297\" height=\"212\"><br>W&nbsp;\u017caluzjach plisowanych systemu 50mm&nbsp; podnoszenie i&nbsp;opuszczanie odbywa si\u0119 za pomoc\u0105 sznurka.<br>Przy sterowaniu elektrycznym \u017caluzja wyposa\u017cona jest w silnik, znajduj\u0105cy si\u0119 w g\u00f3rnej &nbsp;rynnie. Sterowanie odbywa si\u0119 za pomoc\u0105 pilota lub prze\u0142\u0105cznika na\u015bciennego.<\/p>\r\n\r\n\r\n\r\n<p><span style=\"color: #000000;\"><span style=\"color: #ff0000;\">BEZP\u0141ATNY DOJAZD, POMIAR* i&nbsp; MONTA\u017b.<br><\/span><\/span><\/p>\r\n\r\n\r\n\r\n<p style=\"font-size: 14px;\">* Dla zdecydowanych klient\u00f3w na zakup naszych produkt\u00f3w z oferty uzupe\u0142niaj\u0105cej, pomiar okien pod p\u00f3\u017aniejsz\u0105 produkcj\u0119 &#8222;na wymiar&#8221;, na terenie Legionowa oraz okolic jest bezp\u0142atny. Przyje\u017cd\u017camy z katalogami tkanin oraz pr\u00f3bnikami kolorystycznymi. Wystarczy do nas zadzwoni\u0107 lub napisa\u0107. Czekamy na kontakt pod&nbsp;<a href=\"http:\/\/dekorowanieokien.pl\/?page_id=2294\" target=\"_blank\" rel=\"noopener noreferrer\">numerami telefon\u00f3w lub przez formularz<\/a>. Odezwiemy si\u0119 najszybciej jak to b\u0119dzie mo\u017cliwe by doprecyzowa\u0107 termin wizyty.<\/p>\r\n\r\n\r\n\r\n<p style=\"font-size: 14px;\">Klienci chc\u0105cy dokona\u0107 jedynie przybli\u017conej wyceny, mog\u0105 podes\u0142a\u0107 nam wymiary poszczeg\u00f3lnych szyb, z informacj\u0105 jakim produktem s\u0105 zainteresowani a my ode\u015blemy przybli\u017con\u0105 wycen\u0119 w najbardziej popularnej grupie cenowej.<\/p>\r\n","protected":false},"excerpt":{"rendered":"<p>Nowoczesny system zaciemniaj\u0105cy. System 20 mm Plisy&nbsp;to najbardziej zaawansowany technicznie system zaciemniaj\u0105cy.Jego g\u0142\u00f3wn\u0105 zalet\u0105 jest mo\u017cliwo\u015b\u0107 zas\u0142oni\u0119cia okna o dowolnym kszta\u0142cie, np.: trapez, tr\u00f3jk\u0105t, p\u00f3\u0142kole, ko\u0142o. Plisy&nbsp;mog\u0105 funkcjonowa\u0107 r\u00f3wnie dobrze w pionie, jak i&nbsp;w poziomie, dzi\u0119ki czemu mo\u017cna je zamontowa\u0107 zar\u00f3wno na standardowych oknach jaki i na oknach dachowych.Bogata oferta tkanin spe\u0142ni ka\u017cde oczekiwania pod [&hellip;]<\/p>\n","protected":false},"author":5,"featured_media":0,"parent":863,"menu_order":150,"comment_status":"closed","ping_status":"open","template":"","meta":{"ngg_post_thumbnail":0,"footnotes":""},"class_list":["post-877","page","type-page","status-publish","hentry"],"_links":{"self":[{"href":"https:\/\/dekorowanieokien.pl\/index.php?rest_route=\/wp\/v2\/pages\/877","targetHints":{"allow":["GET"]}}],"collection":[{"href":"https:\/\/dekorowanieokien.pl\/index.php?rest_route=\/wp\/v2\/pages"}],"about":[{"href":"https:\/\/dekorowanieokien.pl\/index.php?rest_route=\/wp\/v2\/types\/page"}],"author":[{"embeddable":true,"href":"https:\/\/dekorowanieokien.pl\/index.php?rest_route=\/wp\/v2\/users\/5"}],"replies":[{"embeddable":true,"href":"https:\/\/dekorowanieokien.pl\/index.php?rest_route=%2Fwp%2Fv2%2Fcomments&post=877"}],"version-history":[{"count":2,"href":"https:\/\/dekorowanieokien.pl\/index.php?rest_route=\/wp\/v2\/pages\/877\/revisions"}],"predecessor-version":[{"id":3974,"href":"https:\/\/dekorowanieokien.pl\/index.php?rest_route=\/wp\/v2\/pages\/877\/revisions\/3974"}],"up":[{"embeddable":true,"href":"https:\/\/dekorowanieokien.pl\/index.php?rest_route=\/wp\/v2\/pages\/863"}],"wp:attachment":[{"href":"https:\/\/dekorowanieokien.pl\/index.php?rest_route=%2Fwp%2Fv2%2Fmedia&parent=877"}],"curies":[{"name":"wp","href":"https:\/\/api.w.org\/{rel}","templated":true}]}}