{"id":873,"date":"2013-06-11T10:35:09","date_gmt":"2013-06-11T08:35:09","guid":{"rendered":"http:\/\/dekorowanieokien.pl\/?page_id=873"},"modified":"2023-05-17T20:45:36","modified_gmt":"2023-05-17T18:45:36","slug":"moskitiery","status":"publish","type":"page","link":"https:\/\/dekorowanieokien.pl\/?page_id=873","title":{"rendered":"MOSKITIERY"},"content":{"rendered":"\r\n<h4 class=\"wp-block-heading\"><img loading=\"lazy\" decoding=\"async\" class=\"size-full wp-image-1052 aligncenter\" src=\"http:\/\/dekorowanieokien.pl\/wp-content\/uploads\/2013\/06\/moskitiera-ramkowa-drzwiowa.jpg\" alt=\"moskitiera-ramkowa-drzwiowa\" width=\"624\" height=\"227\" srcset=\"https:\/\/dekorowanieokien.pl\/wp-content\/uploads\/2013\/06\/moskitiera-ramkowa-drzwiowa.jpg 624w, https:\/\/dekorowanieokien.pl\/wp-content\/uploads\/2013\/06\/moskitiera-ramkowa-drzwiowa-150x54.jpg 150w, https:\/\/dekorowanieokien.pl\/wp-content\/uploads\/2013\/06\/moskitiera-ramkowa-drzwiowa-300x109.jpg 300w\" sizes=\"auto, (max-width: 624px) 100vw, 624px\" \/><\/h4>\r\n\r\n\r\n\r\n<h3 class=\"wp-block-heading\">Skuteczna ochrona wn\u0119trza Twojego domu przed owadami.<\/h3>\r\n\r\n\r\n\r\n<p style=\"font-size: 15px;\"><strong>System ramkowy &#8211; okienny.<\/strong><\/p>\r\n\r\n\r\n\r\n<p style=\"font-size: 15px;\">Moskitiery ramkowe &#8211; okienne s\u0105 skutecznym sposobem zabezpieczenia pomieszcze\u0144 przed inwazj\u0105 komar\u00f3w i&nbsp;innych insekt\u00f3w.<br>Mocowane s\u0105 bezinwazyjnie we framudze okna za pomoc\u0105 klips\u00f3w obrotowych.<br>Szybki i do\u015b\u0107 prosty monta\u017c i demonta\u017c.<\/p>\r\n\r\n\r\n\r\n<p><strong>System ramkowy &#8211; drzwiowy.<\/strong><\/p>\r\n\r\n\r\n\r\n<p style=\"font-size: 15px;\"><span style=\"font-size: 1em;\">Moskitiery ramkowe &#8211; drzwiowe s\u0105&nbsp;bardzo wygodne w&nbsp;u\u017cytkowaniu.<br>Wyposa\u017cone s\u0105 w samozamykaj\u0105ce zawiasy.<br><span id=\"__mceDel\"><span id=\"__mceDel\"><span id=\"__mceDel\"><span style=\"font-size: 1em;\">Otwieraj\u0105 si\u0119 poprzez delikatne pchni\u0119cie, po czym zamykaj\u0105 si\u0119 automatycznie.<\/span><\/span><\/span><\/span><\/span><\/p>\r\n\r\n\r\n\r\n<p style=\"font-size: 15px;\">Ramki dost\u0119pne w kilku kolorach.<\/p>\r\n\r\n\r\n\r\n<p><span style=\"color: #000000;\"><span style=\"color: #ff0000;\">BEZP\u0141ATNY DOJAZD, POMIAR* i&nbsp; MONTA\u017b.<br><\/span><\/span><\/p>\r\n\r\n\r\n\r\n<p style=\"font-size: 14px;\">* Dla zdecydowanych klient\u00f3w na zakup naszych produkt\u00f3w z oferty uzupe\u0142niaj\u0105cej, pomiar okien pod p\u00f3\u017aniejsz\u0105 produkcj\u0119 &#8222;na wymiar&#8221;, na terenie Legionowa oraz okolic jest bezp\u0142atny. Przyje\u017cd\u017camy z katalogami tkanin oraz pr\u00f3bnikami kolorystycznymi. Wystarczy do nas zadzwoni\u0107 lub napisa\u0107. Czekamy na kontakt pod&nbsp;<a href=\"http:\/\/dekorowanieokien.pl\/?page_id=2294\" target=\"_blank\" rel=\"noopener noreferrer\">numerami telefon\u00f3w lub przez formularz<\/a>. Odezwiemy si\u0119 najszybciej jak to b\u0119dzie mo\u017cliwe by doprecyzowa\u0107 termin wizyty.<\/p>\r\n\r\n\r\n\r\n<p style=\"font-size: 14px;\">Klienci chc\u0105cy dokona\u0107 jedynie przybli\u017conej wyceny, mog\u0105 podes\u0142a\u0107 nam wymiary poszczeg\u00f3lnych szyb, z informacj\u0105 jakim produktem s\u0105 zainteresowani a my ode\u015blemy przybli\u017con\u0105 wycen\u0119 w najbardziej popularnej grupie cenowej.<\/p>\r\n\r\n\r\n\r\n<p><em id=\"__mceDel\">&nbsp;<\/em><\/p>\r\n","protected":false},"excerpt":{"rendered":"<p>Skuteczna ochrona wn\u0119trza Twojego domu przed owadami. System ramkowy &#8211; okienny. Moskitiery ramkowe &#8211; okienne s\u0105 skutecznym sposobem zabezpieczenia pomieszcze\u0144 przed inwazj\u0105 komar\u00f3w i&nbsp;innych insekt\u00f3w.Mocowane s\u0105 bezinwazyjnie we framudze okna za pomoc\u0105 klips\u00f3w obrotowych.Szybki i do\u015b\u0107 prosty monta\u017c i demonta\u017c. System ramkowy &#8211; drzwiowy. Moskitiery ramkowe &#8211; drzwiowe s\u0105&nbsp;bardzo wygodne w&nbsp;u\u017cytkowaniu.Wyposa\u017cone s\u0105 w samozamykaj\u0105ce zawiasy.Otwieraj\u0105 [&hellip;]<\/p>\n","protected":false},"author":5,"featured_media":0,"parent":863,"menu_order":105,"comment_status":"closed","ping_status":"open","template":"","meta":{"ngg_post_thumbnail":0,"footnotes":""},"class_list":["post-873","page","type-page","status-publish","hentry"],"_links":{"self":[{"href":"https:\/\/dekorowanieokien.pl\/index.php?rest_route=\/wp\/v2\/pages\/873","targetHints":{"allow":["GET"]}}],"collection":[{"href":"https:\/\/dekorowanieokien.pl\/index.php?rest_route=\/wp\/v2\/pages"}],"about":[{"href":"https:\/\/dekorowanieokien.pl\/index.php?rest_route=\/wp\/v2\/types\/page"}],"author":[{"embeddable":true,"href":"https:\/\/dekorowanieokien.pl\/index.php?rest_route=\/wp\/v2\/users\/5"}],"replies":[{"embeddable":true,"href":"https:\/\/dekorowanieokien.pl\/index.php?rest_route=%2Fwp%2Fv2%2Fcomments&post=873"}],"version-history":[{"count":2,"href":"https:\/\/dekorowanieokien.pl\/index.php?rest_route=\/wp\/v2\/pages\/873\/revisions"}],"predecessor-version":[{"id":3980,"href":"https:\/\/dekorowanieokien.pl\/index.php?rest_route=\/wp\/v2\/pages\/873\/revisions\/3980"}],"up":[{"embeddable":true,"href":"https:\/\/dekorowanieokien.pl\/index.php?rest_route=\/wp\/v2\/pages\/863"}],"wp:attachment":[{"href":"https:\/\/dekorowanieokien.pl\/index.php?rest_route=%2Fwp%2Fv2%2Fmedia&parent=873"}],"curies":[{"name":"wp","href":"https:\/\/api.w.org\/{rel}","templated":true}]}}