{"id":777,"date":"2012-03-02T23:18:10","date_gmt":"2012-03-02T21:18:10","guid":{"rendered":"http:\/\/dekorowanieokien.pl\/?page_id=777"},"modified":"2023-05-17T14:21:41","modified_gmt":"2023-05-17T12:21:41","slug":"rolety-w-kasecie","status":"publish","type":"page","link":"https:\/\/dekorowanieokien.pl\/?page_id=777","title":{"rendered":"ROLETY W KASECIE"},"content":{"rendered":"\r\n<h4 class=\"wp-block-heading\"><img loading=\"lazy\" decoding=\"async\" class=\"size-full wp-image-849 aligncenter\" src=\"http:\/\/dekorowanieokien.pl\/wp-content\/uploads\/2012\/03\/rol_kaseta.jpg\" alt=\"rol_kaseta\" width=\"624\" height=\"227\" srcset=\"https:\/\/dekorowanieokien.pl\/wp-content\/uploads\/2012\/03\/rol_kaseta.jpg 624w, https:\/\/dekorowanieokien.pl\/wp-content\/uploads\/2012\/03\/rol_kaseta-150x54.jpg 150w, https:\/\/dekorowanieokien.pl\/wp-content\/uploads\/2012\/03\/rol_kaseta-300x109.jpg 300w\" sizes=\"auto, (max-width: 624px) 100vw, 624px\" \/><\/h4>\r\n\r\n\r\n\r\n<h3 class=\"wp-block-heading\">Wygodna i szybka os\u0142ona przed nadmiarem s\u0142o\u0144ca oraz skuteczny spos\u00f3b na zapewnienie intymno\u015bci wn\u0119trza.<\/h3>\r\n\r\n\r\n\r\n<div class=\"wp-block-spacer\" style=\"height: 20px;\" aria-hidden=\"true\">&nbsp;<\/div>\r\n\r\n\r\n\r\n<p style=\"font-size: 15px;\"><strong>System<\/strong> <strong>UNI<\/strong> to podstawowy i najbardziej popularny system rolet kasetowych pasuj\u0105cy do wi\u0119kszo\u015bci okien z&nbsp;pcv, aluminium, drewna.<\/p>\r\n\r\n\r\n\r\n<p style=\"font-size: 15px;\">Szeroka gama kolor\u00f3w z&nbsp;oklein imituj\u0105cych drewno sprawia, i\u017c roleta doskonale komponuje si\u0119 z ca\u0142o\u015bci\u0105 okna.<\/p>\r\n\r\n\r\n\r\n<figure class=\"wp-block-gallery alignleft columns-2 is-cropped wp-block-gallery-1 is-layout-flex wp-block-gallery-is-layout-flex\">\r\n<ul class=\"blocks-gallery-grid\">\r\n<li class=\"blocks-gallery-item\">\r\n<figure><img loading=\"lazy\" decoding=\"async\" class=\"alignnone wp-image-2802\" style=\"margin: 2px;\" src=\"http:\/\/dekorowanieokien.pl\/wp-content\/uploads\/2020\/05\/roleta_ikona1-1.jpg\" alt=\"\" data-id=\"2802\" data-link=\"http:\/\/dekorowanieokien.pl\/?attachment_id=2802\" width=\"283\" height=\"250\" srcset=\"https:\/\/dekorowanieokien.pl\/wp-content\/uploads\/2020\/05\/roleta_ikona1-1.jpg 283w, https:\/\/dekorowanieokien.pl\/wp-content\/uploads\/2020\/05\/roleta_ikona1-1-150x133.jpg 150w\" sizes=\"auto, (max-width: 283px) 100vw, 283px\" \/><\/figure>\r\n<\/li>\r\n<li class=\"blocks-gallery-item\">\r\n<figure><img loading=\"lazy\" decoding=\"async\" class=\"alignnone wp-image-2803\" style=\"margin: 2px;\" src=\"http:\/\/dekorowanieokien.pl\/wp-content\/uploads\/2020\/05\/roleta_prev-1.jpg\" alt=\"\" data-id=\"2803\" data-full-url=\"http:\/\/dekorowanieokien.pl\/wp-content\/uploads\/2020\/05\/roleta_prev-1.jpg\" data-link=\"http:\/\/dekorowanieokien.pl\/?attachment_id=2803\" width=\"200\" height=\"198\" srcset=\"https:\/\/dekorowanieokien.pl\/wp-content\/uploads\/2020\/05\/roleta_prev-1.jpg 200w, https:\/\/dekorowanieokien.pl\/wp-content\/uploads\/2020\/05\/roleta_prev-1-150x150.jpg 150w\" sizes=\"auto, (max-width: 200px) 100vw, 200px\" \/><\/figure>\r\n<\/li>\r\n<\/ul>\r\n<\/figure>\r\n\r\n\r\n\r\n<p style=\"font-size: 15px;\">Jej zalety to niewielka, estetyczna kaseta oraz lekko i p\u0142ynnie pracuj\u0105cy mechanizm samohamuj\u0105cy. Wszystko to sprawia, \u017ce rolety <strong>UNI<\/strong> s\u0105 aktualnie najbardziej cenionym przez naszych klient\u00f3w produktem.<\/p>\r\n\r\n\r\n\r\n<p style=\"font-size: 15px;\">Podstawowy system to&nbsp;<strong>roleta przykr\u0119cana<\/strong> do listwy przyszybowej.<\/p>\r\n\r\n\r\n\r\n<div class=\"wp-block-spacer\" style=\"height: 20px;\" aria-hidden=\"true\">&nbsp;<\/div>\r\n\r\n\r\n\r\n<p style=\"font-size: 15px;\"><strong>System Dekolux<\/strong> przystosowany jest do okien dachowych, typu:<br>Velux, Fakro, Roto oraz Okpol.<\/p>\r\n\r\n\r\n\r\n<p style=\"font-size: 15px;\">Aluminiowa os\u0142ona oraz prowadnice wyst\u0119puj\u0105 w kolorach: bia\u0142ym, anodowanym, br\u0105zowym oraz w okleinie drewnopodobnej doskonale komponuj\u0105cej si\u0119 z kolorem ram wi\u0119kszo\u015bci okien dachowych. System \u201emulti stop\u201d pozwala na zatrzymanie rolety w dowolnym po\u0142o\u017ceniu.<\/p>\r\n\r\n\r\n\r\n<p style=\"font-size: 15px;\">Opcjonalne wyposa\u017cenie w r\u0105czk\u0119 steruj\u0105c\u0105 pozwala na operowanie rolet\u0105 w wysoko umieszczonych oknach.<\/p>\r\n\r\n\r\n\r\n<p style=\"font-size: 15px;\">Polecamy r\u00f3wnie\u017c rolety w kasecie w systemie <a title=\"Dzie\u0144 i Noc\" href=\"http:\/\/dekorowanieokien.pl\/?page_id=980\" target=\"_blank\" rel=\"noopener noreferrer\">&#8222;Dzie\u0144 &#8211; Noc&#8221;.<\/a><\/p>\r\n\r\n\r\n\r\n<figure class=\"wp-block-image size-large\"><img loading=\"lazy\" decoding=\"async\" width=\"283\" height=\"213\" class=\"wp-image-2806\" src=\"http:\/\/dekorowanieokien.pl\/wp-content\/uploads\/2020\/05\/dzieinoc.jpg\" alt=\"\" srcset=\"https:\/\/dekorowanieokien.pl\/wp-content\/uploads\/2020\/05\/dzieinoc.jpg 283w, https:\/\/dekorowanieokien.pl\/wp-content\/uploads\/2020\/05\/dzieinoc-150x113.jpg 150w\" sizes=\"auto, (max-width: 283px) 100vw, 283px\" \/><\/figure>\r\n\r\n\r\n\r\n<div class=\"wp-block-spacer\" style=\"height: 20px;\" aria-hidden=\"true\">&nbsp;<\/div>\r\n\r\n\r\n\r\n<p style=\"font-size: 15px;\"><span style=\"color: #000000;\"><span style=\"color: #ff0000;\">BEZP\u0141ATNY DOJAZD, POMIAR* i&nbsp; MONTA\u017b.<br><\/span><\/span><\/p>\r\n\r\n\r\n\r\n<p style=\"font-size: 14px;\">* Dla zdecydowanych klient\u00f3w na zakup naszych produkt\u00f3w z oferty uzupe\u0142niaj\u0105cej, pomiar okien pod p\u00f3\u017aniejsz\u0105 produkcj\u0119 &#8222;na wymiar&#8221;, na terenie Legionowa oraz okolic&nbsp; jest bezp\u0142atny. Przyje\u017cd\u017camy z katalogami tkanin oraz pr\u00f3bnikami kolorystycznymi. Wystarczy do nas zadzwoni\u0107 lub napisa\u0107. Czekamy na kontakt pod&nbsp;<a href=\"http:\/\/dekorowanieokien.pl\/?page_id=2294\" target=\"_blank\" rel=\"noopener noreferrer\">numerami telefon\u00f3w lub przez formularz<\/a>. Odezwiemy si\u0119 najszybciej jak to b\u0119dzie mo\u017cliwe by doprecyzowa\u0107 termin wizyty.<br>Klienci chc\u0105cy dokona\u0107 jedynie przybli\u017conej wyceny, mog\u0105 podes\u0142a\u0107 nam wymiary poszczeg\u00f3lnych szyb, z informacj\u0105 jakim produktem s\u0105 zainteresowani a my ode\u015blemy przybli\u017con\u0105 wycen\u0119 w najbardziej popularnej grupie cenowej.<\/p>\r\n","protected":false},"excerpt":{"rendered":"<p>Wygodna i szybka os\u0142ona przed nadmiarem s\u0142o\u0144ca oraz skuteczny spos\u00f3b na zapewnienie intymno\u015bci wn\u0119trza. System UNI to podstawowy i najbardziej popularny system rolet kasetowych pasuj\u0105cy do wi\u0119kszo\u015bci okien z&nbsp;pcv, aluminium, drewna. Szeroka gama kolor\u00f3w z&nbsp;oklein imituj\u0105cych drewno sprawia, i\u017c roleta doskonale komponuje si\u0119 z ca\u0142o\u015bci\u0105 okna. Jej zalety to niewielka, estetyczna kaseta oraz lekko i [&hellip;]<\/p>\n","protected":false},"author":5,"featured_media":0,"parent":0,"menu_order":4,"comment_status":"closed","ping_status":"open","template":"","meta":{"ngg_post_thumbnail":0,"footnotes":""},"class_list":["post-777","page","type-page","status-publish","hentry"],"_links":{"self":[{"href":"https:\/\/dekorowanieokien.pl\/index.php?rest_route=\/wp\/v2\/pages\/777","targetHints":{"allow":["GET"]}}],"collection":[{"href":"https:\/\/dekorowanieokien.pl\/index.php?rest_route=\/wp\/v2\/pages"}],"about":[{"href":"https:\/\/dekorowanieokien.pl\/index.php?rest_route=\/wp\/v2\/types\/page"}],"author":[{"embeddable":true,"href":"https:\/\/dekorowanieokien.pl\/index.php?rest_route=\/wp\/v2\/users\/5"}],"replies":[{"embeddable":true,"href":"https:\/\/dekorowanieokien.pl\/index.php?rest_route=%2Fwp%2Fv2%2Fcomments&post=777"}],"version-history":[{"count":2,"href":"https:\/\/dekorowanieokien.pl\/index.php?rest_route=\/wp\/v2\/pages\/777\/revisions"}],"predecessor-version":[{"id":3973,"href":"https:\/\/dekorowanieokien.pl\/index.php?rest_route=\/wp\/v2\/pages\/777\/revisions\/3973"}],"wp:attachment":[{"href":"https:\/\/dekorowanieokien.pl\/index.php?rest_route=%2Fwp%2Fv2%2Fmedia&parent=777"}],"curies":[{"name":"wp","href":"https:\/\/api.w.org\/{rel}","templated":true}]}}