{"id":7,"date":"2010-05-26T18:44:30","date_gmt":"2010-05-26T18:44:30","guid":{"rendered":"http:\/\/www.coza.pl\/wp\/?page_id=7"},"modified":"2020-05-16T18:04:45","modified_gmt":"2020-05-16T16:04:45","slug":"karnisze","status":"publish","type":"page","link":"https:\/\/dekorowanieokien.pl\/?page_id=7","title":{"rendered":"KARNISZE"},"content":{"rendered":"<h4><img loading=\"lazy\" decoding=\"async\" class=\"size-full wp-image-1152 aligncenter\" src=\"http:\/\/dekorowanieokien.pl\/wp-content\/uploads\/2010\/05\/SQL_new.jpg\" alt=\"SQL_new\" width=\"624\" height=\"227\" srcset=\"https:\/\/dekorowanieokien.pl\/wp-content\/uploads\/2010\/05\/SQL_new.jpg 624w, https:\/\/dekorowanieokien.pl\/wp-content\/uploads\/2010\/05\/SQL_new-150x54.jpg 150w, https:\/\/dekorowanieokien.pl\/wp-content\/uploads\/2010\/05\/SQL_new-300x109.jpg 300w\" sizes=\"auto, (max-width: 624px) 100vw, 624px\" \/><\/h4>\n<h4>W naszej ofercie znajdziecie Pa\u0144stwo zaprojektowane w spos\u00f3b niebanalny, wysokiej jako\u015bci produkty firmy Marcin Dekor.<\/h4>\n<p>S\u0105 to wyroby trwa\u0142e, funkcjonalne, pozwalaj\u0105ce podkre\u015bli\u0107 indywidualno\u015b\u0107 i wyj\u0105tkowo\u015b\u0107 ka\u017cdego wn\u0119trza.<br \/>\nW szerokiej gamie produkt\u00f3w mo\u017cna znale\u017a\u0107 karnisze wykonane z tworzywa, drewna i metalu.<br \/>\nPoni\u017cej prezentujemy wybrane <strong><span style=\"color: #ff0000;\">NOWO\u015aCI<\/span><\/strong> a&nbsp;w\u015br\u00f3d nich linie&nbsp;<strong>&nbsp;ONYX oraz&nbsp;<strong>BLACK&amp;WHITE<\/strong><\/strong>.<\/p>\n<p>&#8212;&#8212;&#8212;&#8212;&#8212;&#8212;&#8212;&#8212;&#8212;&#8212;&#8212;&#8212;&#8212;&#8212;&#8212;&#8212;&#8212;&#8212;&#8212;&#8212;&#8212;&#8212;&#8212;&#8212;&#8212;&#8212;&#8212;&#8212;&#8212;&#8212;&#8212;&#8212;&#8212;&#8212;&#8212;&#8212;&#8212;&#8212;&#8212;&#8212;&#8212;&#8212;&#8212;&#8212;&#8212;&#8212;&#8212;&#8212;&#8212;&#8212;&#8212;&#8211;<\/p>\n<h2><span style=\"color: #ff0000;\">NOWO\u015a\u0106!<\/span>&nbsp;ONYX<\/h2>\n<p style=\"text-align: center;\"><img loading=\"lazy\" decoding=\"async\" class=\"aligncenter\" src=\"http:\/\/dekorowanieokien.pl\/wp-content\/uploads\/2013\/08\/onyx_saturn_nowosc.jpg\" alt=\"onyx_saturn_nowosc\" width=\"425\" height=\"160\"><\/p>\n<p><img loading=\"lazy\" decoding=\"async\" class=\"alignleft size-full wp-image-1661\" style=\"border: 1px solid black; margin: 3px;\" src=\"http:\/\/dekorowanieokien.pl\/wp-content\/uploads\/2010\/05\/thumbs_onyx_xantos.jpg\" alt=\"thumbs_onyx_xantos\" width=\"75\" height=\"75\"> <img loading=\"lazy\" decoding=\"async\" class=\"alignleft size-full wp-image-1660\" style=\"border: 1px solid black; margin: 3px;\" src=\"http:\/\/dekorowanieokien.pl\/wp-content\/uploads\/2010\/05\/thumbs_onyx_saturn.jpg\" alt=\"thumbs_onyx_saturn\" width=\"75\" height=\"74\"> <img loading=\"lazy\" decoding=\"async\" class=\"alignleft size-full wp-image-1659\" style=\"border: 1px solid black; margin: 3px;\" src=\"http:\/\/dekorowanieokien.pl\/wp-content\/uploads\/2010\/05\/thumbs_onyx_modulo.jpg\" alt=\"thumbs_onyx_modulo\" width=\"75\" height=\"75\"> <img loading=\"lazy\" decoding=\"async\" class=\"alignleft size-full wp-image-1658\" style=\"border: 1px solid black; margin: 3px;\" src=\"http:\/\/dekorowanieokien.pl\/wp-content\/uploads\/2010\/05\/thumbs_onyx_carter.jpg\" alt=\"thumbs_onyx_carter\" width=\"75\" height=\"74\"> <img loading=\"lazy\" decoding=\"async\" class=\"alignleft size-full wp-image-1657\" style=\"border: 1px solid black; margin: 3px;\" src=\"http:\/\/dekorowanieokien.pl\/wp-content\/uploads\/2010\/05\/thumbs_onyx_allure.jpg\" alt=\"thumbs_onyx_allure\" width=\"75\" height=\"75\"><\/p>\n<p>&nbsp;<\/p>\n<p>&nbsp;<\/p>\n<p>&nbsp;<\/p>\n<p>Nowy, efektowny kolor do serii karniszy &nbsp;\u00d825 mm.<br \/>\nOnyx \u2013 to kwintesencja stylu i elegancji. Ciemna barwa i b\u0142ysk podkre\u015blaj\u0105 charakter ko\u0144c\u00f3wek.<br \/>\n<strong>Kolorystyka:<\/strong>&nbsp;&#8211; onyx<\/p>\n<p>&#8212;&#8212;&#8212;&#8212;&#8212;&#8212;&#8212;&#8212;&#8212;&#8212;&#8212;&#8212;&#8212;&#8212;&#8212;&#8212;&#8212;&#8212;&#8212;&#8212;&#8212;&#8212;&#8212;&#8212;&#8212;&#8212;&#8212;&#8212;&#8212;&#8212;&#8212;&#8212;&#8212;&#8212;&#8212;&#8212;&#8212;&#8212;&#8212;&#8212;&#8212;&#8212;&#8212;&#8212;&#8212;&#8212;&#8212;&#8212;&#8212;&#8212;&#8212;&#8211;<\/p>\n<h2><span style=\"color: #ff0000;\">NOWO\u015a\u0106!<\/span> SQUARE LINE BLACK&amp;WHITE<\/h2>\n<p style=\"text-align: center;\"><img loading=\"lazy\" decoding=\"async\" class=\"size-full wp-image-1156 aligncenter\" src=\"http:\/\/dekorowanieokien.pl\/wp-content\/uploads\/2010\/05\/PURE-WHITE1-450x145.jpg\" alt=\"PURE-WHITE1-450x145\" width=\"450\" height=\"145\" srcset=\"https:\/\/dekorowanieokien.pl\/wp-content\/uploads\/2010\/05\/PURE-WHITE1-450x145.jpg 450w, https:\/\/dekorowanieokien.pl\/wp-content\/uploads\/2010\/05\/PURE-WHITE1-450x145-150x48.jpg 150w, https:\/\/dekorowanieokien.pl\/wp-content\/uploads\/2010\/05\/PURE-WHITE1-450x145-300x96.jpg 300w\" sizes=\"auto, (max-width: 450px) 100vw, 450px\" \/><img loading=\"lazy\" decoding=\"async\" class=\"aligncenter size-full wp-image-1155\" src=\"http:\/\/dekorowanieokien.pl\/wp-content\/uploads\/2010\/05\/crystal-black-450x135.jpg\" alt=\"crystal-black-450x135\" width=\"450\" height=\"135\" srcset=\"https:\/\/dekorowanieokien.pl\/wp-content\/uploads\/2010\/05\/crystal-black-450x135.jpg 450w, https:\/\/dekorowanieokien.pl\/wp-content\/uploads\/2010\/05\/crystal-black-450x135-150x45.jpg 150w, https:\/\/dekorowanieokien.pl\/wp-content\/uploads\/2010\/05\/crystal-black-450x135-300x90.jpg 300w\" sizes=\"auto, (max-width: 450px) 100vw, 450px\" \/><img loading=\"lazy\" decoding=\"async\" class=\"aligncenter size-full wp-image-1154\" src=\"http:\/\/dekorowanieokien.pl\/wp-content\/uploads\/2010\/05\/PURE-WHITE-wspo-white-450x145.jpg\" alt=\"PURE-WHITE-wspo-white-450x145\" width=\"450\" height=\"145\" srcset=\"https:\/\/dekorowanieokien.pl\/wp-content\/uploads\/2010\/05\/PURE-WHITE-wspo-white-450x145.jpg 450w, https:\/\/dekorowanieokien.pl\/wp-content\/uploads\/2010\/05\/PURE-WHITE-wspo-white-450x145-150x48.jpg 150w, https:\/\/dekorowanieokien.pl\/wp-content\/uploads\/2010\/05\/PURE-WHITE-wspo-white-450x145-300x96.jpg 300w\" sizes=\"auto, (max-width: 450px) 100vw, 450px\" \/><\/p>\n<p>B&amp;W to elementy malowane na kolor czarny (b\u0142yszcz\u0105cy i matowy) oraz bia\u0142y (b\u0142yszcz\u0105cy), pozwalaj\u0105ce tworzy\u0107 niezwykle eleganckie, minimalistyczne aran\u017cacje, doskonale sprawdzaj\u0105ce si\u0119 w&nbsp;nowoczesnych, prywatnych czy biznesowych wn\u0119trzach.<br \/>\nPolecamy te\u017c niezwykle eleganckie ko\u0144c\u00f3wki z bia\u0142ym kryszta\u0142em oraz z wype\u0142nieniem z bia\u0142ej lub czarnej sk\u00f3ry.<br \/>\nZach\u0119camy do zapoznania si\u0119 z pe\u0142n\u0105 ofert\u0105 w zak\u0142adce <a title=\"SQUARE LINE\" href=\"http:\/\/dekorowanieokien.pl\/?page_id=1161\" target=\"_blank\" rel=\"noopener noreferrer\">SQUARE LINE<\/a>.<\/p>\n<p>&#8212;&#8212;&#8212;&#8212;&#8212;&#8212;&#8212;&#8212;&#8212;&#8212;&#8212;&#8212;&#8212;&#8212;&#8212;&#8212;&#8212;&#8212;&#8212;&#8212;&#8212;&#8212;&#8212;&#8212;&#8212;&#8212;&#8212;&#8212;&#8212;&#8212;&#8212;&#8212;&#8212;&#8212;&#8212;&#8212;&#8212;&#8212;&#8212;&#8212;&#8212;&#8212;&#8212;&#8212;&#8212;&#8212;&#8212;&#8212;&#8212;&#8212;&#8212;&#8211;<\/p>\n<h2><span style=\"color: #ff0000;\">NOWO\u015a\u0106!<\/span> GRAL SIMPLE DUO<\/h2>\n<p style=\"text-align: center;\"><img loading=\"lazy\" decoding=\"async\" class=\"size-full wp-image-1192 aligncenter\" src=\"http:\/\/dekorowanieokien.pl\/wp-content\/uploads\/2010\/05\/simpe_duo_2-450x145.jpg\" alt=\"simpe_duo_2-450x145\" width=\"450\" height=\"145\" srcset=\"https:\/\/dekorowanieokien.pl\/wp-content\/uploads\/2010\/05\/simpe_duo_2-450x145.jpg 450w, https:\/\/dekorowanieokien.pl\/wp-content\/uploads\/2010\/05\/simpe_duo_2-450x145-150x48.jpg 150w, https:\/\/dekorowanieokien.pl\/wp-content\/uploads\/2010\/05\/simpe_duo_2-450x145-300x96.jpg 300w\" sizes=\"auto, (max-width: 450px) 100vw, 450px\" \/><\/p>\n<p>Nowe wzory ko\u0144c\u00f3wek dla karniszy serii&nbsp;GRAL \u00d825.<br \/>\nDwa du\u017ce, efektowne kryszta\u0142y w eleganckiej, minimalistycznej oprawie.<br \/>\n<strong>Kolorystyka:<\/strong> &#8211; antyk, &#8211; patyna<br \/>\n&#8212;&#8212;&#8212;&#8212;&#8212;&#8212;&#8212;&#8212;&#8212;&#8212;&#8212;&#8212;&#8212;&#8212;&#8212;&#8212;&#8212;&#8212;&#8212;&#8212;&#8212;&#8212;&#8212;&#8212;&#8212;&#8212;&#8212;&#8212;&#8212;&#8212;&#8212;&#8212;&#8212;&#8212;&#8212;&#8212;&#8212;&#8212;&#8212;&#8212;&#8212;&#8212;&#8212;&#8212;&#8212;&#8212;&#8212;&#8212;&#8212;&#8212;&#8212;&#8211;<\/p>\n<h2><span style=\"color: #ff0000;\">NOWO\u015a\u0106!<\/span> DIVA<\/h2>\n<p style=\"text-align: center;\">&nbsp;<img loading=\"lazy\" decoding=\"async\" class=\"size-full wp-image-1198 aligncenter\" src=\"http:\/\/dekorowanieokien.pl\/wp-content\/uploads\/2010\/05\/diva_nowosc.jpg\" alt=\"diva_nowosc\" width=\"283\" height=\"142\" srcset=\"https:\/\/dekorowanieokien.pl\/wp-content\/uploads\/2010\/05\/diva_nowosc.jpg 283w, https:\/\/dekorowanieokien.pl\/wp-content\/uploads\/2010\/05\/diva_nowosc-150x75.jpg 150w\" sizes=\"auto, (max-width: 283px) 100vw, 283px\" \/><\/p>\n<p>Nowa ko\u0144c\u00f3wka do karniszy o \u015brednicach dr\u0105\u017ck\u00f3w: &nbsp;\u00d825 mm.<br \/>\nStylowa ko\u0144c\u00f3wka, pasuj\u0105ca zar\u00f3wno do wn\u0119trz klasycznych jak i bardziej nowoczesnych.<br \/>\nDwa pier\u015bcienie z kryszta\u0142ami oplataj\u0105 rozszerzaj\u0105cy si\u0119 kszta\u0142t ko\u0144c\u00f3wki.<br \/>\n<strong>Kolorystyka: <\/strong>-antyk, &#8211; patyna<br \/>\n&#8212;&#8212;&#8212;&#8212;&#8212;&#8212;&#8212;&#8212;&#8212;&#8212;&#8212;&#8212;&#8212;&#8212;&#8212;&#8212;&#8212;&#8212;&#8212;&#8212;&#8212;&#8212;&#8212;&#8212;&#8212;&#8212;&#8212;&#8212;&#8212;&#8212;&#8212;&#8212;&#8212;&#8212;&#8212;&#8212;&#8212;&#8212;&#8212;&#8212;&#8212;&#8212;&#8212;&#8212;&#8212;&#8212;&#8212;&#8212;&#8212;&#8212;&#8212;&#8211;<\/p>\n<h2><span style=\"color: #ff0000;\">NOWO\u015a\u0106!<\/span> SLIM &#8211; PODW\u00d3JNY WSPORNIK DO RURY LUB PROFILA \u00d8 19<\/h2>\n<p><img loading=\"lazy\" decoding=\"async\" class=\"aligncenter size-full wp-image-1203\" src=\"http:\/\/dekorowanieokien.pl\/wp-content\/uploads\/2010\/05\/slim_podwojny_nowosc.jpg\" alt=\"slim_podwojny_nowosc\" width=\"425\" height=\"142\" srcset=\"https:\/\/dekorowanieokien.pl\/wp-content\/uploads\/2010\/05\/slim_podwojny_nowosc.jpg 425w, https:\/\/dekorowanieokien.pl\/wp-content\/uploads\/2010\/05\/slim_podwojny_nowosc-150x50.jpg 150w, https:\/\/dekorowanieokien.pl\/wp-content\/uploads\/2010\/05\/slim_podwojny_nowosc-300x100.jpg 300w\" sizes=\"auto, (max-width: 425px) 100vw, 425px\" \/><\/p>\n<p>Nowy podw\u00f3jny wspornik do rury lub profila w \u015brednicy 19 mm.<br \/>\n<strong>Kolorystyka: <\/strong>&#8211; antyk; &#8211; chrom-mat; &#8211; efekt stali<br \/>\n&#8212;&#8212;&#8212;&#8212;&#8212;&#8212;&#8212;&#8212;&#8212;&#8212;&#8212;&#8212;&#8212;&#8212;&#8212;&#8212;&#8212;&#8212;&#8212;&#8212;&#8212;&#8212;&#8212;&#8212;&#8212;&#8212;&#8212;&#8212;&#8212;&#8212;&#8212;&#8212;&#8212;&#8212;&#8212;&#8212;&#8212;&#8212;&#8212;&#8212;&#8212;&#8212;&#8212;&#8212;&#8212;&#8212;&#8212;&#8212;&#8212;&#8212;&#8212;&#8211;<\/p>\n<h2><span style=\"color: #ff0000;\">NOWO\u015a\u0106!<\/span> SLIM &#8211; POJEDY\u0143CZY WSPORNIK DO RURY LUB PROFILA \u00d8 19<\/h2>\n<p><img loading=\"lazy\" decoding=\"async\" class=\"aligncenter size-full wp-image-1214\" src=\"http:\/\/dekorowanieokien.pl\/wp-content\/uploads\/2010\/05\/slim_pojedynczy_nowosc.jpg\" alt=\"slim_pojedynczy_nowosc\" width=\"425\" height=\"142\" srcset=\"https:\/\/dekorowanieokien.pl\/wp-content\/uploads\/2010\/05\/slim_pojedynczy_nowosc.jpg 425w, https:\/\/dekorowanieokien.pl\/wp-content\/uploads\/2010\/05\/slim_pojedynczy_nowosc-150x50.jpg 150w, https:\/\/dekorowanieokien.pl\/wp-content\/uploads\/2010\/05\/slim_pojedynczy_nowosc-300x100.jpg 300w\" sizes=\"auto, (max-width: 425px) 100vw, 425px\" \/><\/p>\n<p>Nowy pojedy\u0144czy wspornik do rury lub profila w \u015brednicy 19 mm.<br \/>\n<strong>Kolorystyka: <\/strong>&#8211; antyk; &#8211; chrom-mat; &#8211; efekt stali<br \/>\n&#8212;&#8212;&#8212;&#8212;&#8212;&#8212;&#8212;&#8212;&#8212;&#8212;&#8212;&#8212;&#8212;&#8212;&#8212;&#8212;&#8212;&#8212;&#8212;&#8212;&#8212;&#8212;&#8212;&#8212;&#8212;&#8212;&#8212;&#8212;&#8212;&#8212;&#8212;&#8212;&#8212;&#8212;&#8212;&#8212;&#8212;&#8212;&#8212;&#8212;&#8212;&#8212;&#8212;&#8212;&#8212;&#8212;&#8212;&#8212;&#8212;&#8212;&#8212;&#8211;<\/p>\n<h2><span style=\"color: #ff0000;\">NOWO\u015a\u0106!<\/span> ALLURE<\/h2>\n<p>&nbsp;<\/p>\n<p><img loading=\"lazy\" decoding=\"async\" class=\"aligncenter size-full wp-image-1219\" src=\"http:\/\/dekorowanieokien.pl\/wp-content\/uploads\/2010\/05\/Allure_nowosc.jpg\" alt=\"Allure_nowosc\" width=\"425\" height=\"142\" srcset=\"https:\/\/dekorowanieokien.pl\/wp-content\/uploads\/2010\/05\/Allure_nowosc.jpg 425w, https:\/\/dekorowanieokien.pl\/wp-content\/uploads\/2010\/05\/Allure_nowosc-150x50.jpg 150w, https:\/\/dekorowanieokien.pl\/wp-content\/uploads\/2010\/05\/Allure_nowosc-300x100.jpg 300w\" sizes=\"auto, (max-width: 425px) 100vw, 425px\" \/><\/p>\n<p>Nowa ko\u0144c\u00f3wka do karnszy o \u015brednicach dr\u0105\u017ck\u00f3w: &nbsp;\u00d816,&nbsp;\u00d819,&nbsp;\u00d825 mm.<br \/>\nPo cztery kryszta\u0142y z ka\u017cdej strony (symetrycznie) w oprawie prostego walca.<br \/>\n<strong>Kolorystyka \u00d816,&nbsp;\u00d819: <\/strong>&#8211; chrom\/mat; &#8211; antyk; &#8211; efekt stali; &#8211; patyna<br \/>\n<strong>Kolorystyka \u00d825: <\/strong>&#8211; antyk; &#8211; patyna<br \/>\n&#8212;&#8212;&#8212;&#8212;&#8212;&#8212;&#8212;&#8212;&#8212;&#8212;&#8212;&#8212;&#8212;&#8212;&#8212;&#8212;&#8212;&#8212;&#8212;&#8212;&#8212;&#8212;&#8212;&#8212;&#8212;&#8212;&#8212;&#8212;&#8212;&#8212;&#8212;&#8212;&#8212;&#8212;&#8212;&#8212;&#8212;&#8212;&#8212;&#8212;&#8212;&#8212;&#8212;&#8212;&#8212;&#8212;&#8212;&#8212;&#8212;&#8212;&#8212;&#8211;<\/p>\n<h2><span style=\"color: #ff0000;\">NOWO\u015a\u0106!<\/span> INTEGRA<\/h2>\n<p><img loading=\"lazy\" decoding=\"async\" class=\"aligncenter size-full wp-image-1226\" src=\"http:\/\/dekorowanieokien.pl\/wp-content\/uploads\/2010\/05\/Integra_nowosc.jpg\" alt=\"Integra_nowosc\" width=\"425\" height=\"142\" srcset=\"https:\/\/dekorowanieokien.pl\/wp-content\/uploads\/2010\/05\/Integra_nowosc.jpg 425w, https:\/\/dekorowanieokien.pl\/wp-content\/uploads\/2010\/05\/Integra_nowosc-150x50.jpg 150w, https:\/\/dekorowanieokien.pl\/wp-content\/uploads\/2010\/05\/Integra_nowosc-300x100.jpg 300w\" sizes=\"auto, (max-width: 425px) 100vw, 425px\" \/><\/p>\n<p>Nowa ko\u0144c\u00f3wka do karnszy o \u015brednicach dr\u0105\u017ck\u00f3w: &nbsp;\u00d819,&nbsp;\u00d825 mm.<br \/>\nMinimalistyczny kszta\u0142t, po\u0142\u0105czenie metalu w b\u0142ysku i macie (\u015brodek matowy).<br \/>\n<strong>Kolorystyka \u00d819,&nbsp;<strong>\u00d825<\/strong>: <\/strong>&#8211; chrom\/mat; &#8211; efekt stali<br \/>\n&#8212;&#8212;&#8212;&#8212;&#8212;&#8212;&#8212;&#8212;&#8212;&#8212;&#8212;&#8212;&#8212;&#8212;&#8212;&#8212;&#8212;&#8212;&#8212;&#8212;&#8212;&#8212;&#8212;&#8212;&#8212;&#8212;&#8212;&#8212;&#8212;&#8212;&#8212;&#8212;&#8212;&#8212;&#8212;&#8212;&#8212;&#8212;&#8212;&#8212;&#8212;&#8212;&#8212;&#8212;&#8212;&#8212;&#8212;&#8212;&#8212;&#8212;&#8212;&#8211;<\/p>\n<h2><span style=\"color: #ff0000;\">NOWO\u015a\u0106!<\/span> UCHWYT NA DODATKOW\u0104 RUR\u0118<\/h2>\n<p><img loading=\"lazy\" decoding=\"async\" class=\"aligncenter size-full wp-image-1230\" src=\"http:\/\/dekorowanieokien.pl\/wp-content\/uploads\/2010\/05\/uchwyt_dodatkowa_rura_nowosc.jpg\" alt=\"uchwyt_dodatkowa_rura_nowosc\" width=\"425\" height=\"238\" srcset=\"https:\/\/dekorowanieokien.pl\/wp-content\/uploads\/2010\/05\/uchwyt_dodatkowa_rura_nowosc.jpg 425w, https:\/\/dekorowanieokien.pl\/wp-content\/uploads\/2010\/05\/uchwyt_dodatkowa_rura_nowosc-150x84.jpg 150w, https:\/\/dekorowanieokien.pl\/wp-content\/uploads\/2010\/05\/uchwyt_dodatkowa_rura_nowosc-300x168.jpg 300w\" sizes=\"auto, (max-width: 425px) 100vw, 425px\" \/><\/p>\n<p>Gral uchwyt na dodatkow\u0105 rur\u0119 dla karniszy serii&nbsp;Karnisze \u00d816,&nbsp;\u00d819,&nbsp;\u00d825.<br \/>\n<strong>Kolorystyka&nbsp;\u00d816: <\/strong>&#8211; antyk; &#8211; chrom-mat; &#8211; efekt stali; &#8211; chrom; &#8211; mosi\u0105dz<br \/>\n<strong>Kolorystyka&nbsp;\u00d819: <\/strong>&#8211; antyk; &#8211; chrom-mat; &#8211; efekt stali<br \/>\n<strong>Kolorystyka&nbsp;\u00d825: <\/strong>&#8211; antyk; &#8211; chrom-mat; &#8211; efekt stali; &#8211; mosi\u0105dz<br \/>\n&#8212;&#8212;&#8212;&#8212;&#8212;&#8212;&#8212;&#8212;&#8212;&#8212;&#8212;&#8212;&#8212;&#8212;&#8212;&#8212;&#8212;&#8212;&#8212;&#8212;&#8212;&#8212;&#8212;&#8212;&#8212;&#8212;&#8212;&#8212;&#8212;&#8212;&#8212;&#8212;&#8212;&#8212;&#8212;&#8212;&#8212;&#8212;&#8212;&#8212;&#8212;&#8212;&#8212;&#8212;&#8212;&#8212;&#8212;&#8212;&#8212;&#8212;&#8212;&#8211;<\/p>\n<h2><span style=\"color: #ff0000;\">NOWO\u015a\u0106!<\/span> GRAL WSPORNIK SUFITOWY UNIWERSALNY POJEDYNCZY \u00d8 19<\/h2>\n<p><img loading=\"lazy\" decoding=\"async\" class=\"aligncenter size-full wp-image-1254\" src=\"http:\/\/dekorowanieokien.pl\/wp-content\/uploads\/2010\/05\/gral-uni-poj.jpg\" alt=\"gral-uni-poj\" width=\"369\" height=\"369\" srcset=\"https:\/\/dekorowanieokien.pl\/wp-content\/uploads\/2010\/05\/gral-uni-poj.jpg 369w, https:\/\/dekorowanieokien.pl\/wp-content\/uploads\/2010\/05\/gral-uni-poj-150x150.jpg 150w, https:\/\/dekorowanieokien.pl\/wp-content\/uploads\/2010\/05\/gral-uni-poj-300x300.jpg 300w, https:\/\/dekorowanieokien.pl\/wp-content\/uploads\/2010\/05\/gral-uni-poj-177x177.jpg 177w, https:\/\/dekorowanieokien.pl\/wp-content\/uploads\/2010\/05\/gral-uni-poj-35x35.jpg 35w, https:\/\/dekorowanieokien.pl\/wp-content\/uploads\/2010\/05\/gral-uni-poj-164x164.jpg 164w, https:\/\/dekorowanieokien.pl\/wp-content\/uploads\/2010\/05\/gral-uni-poj-185x185.jpg 185w\" sizes=\"auto, (max-width: 369px) 100vw, 369px\" \/><\/p>\n<p>Uniwersalny pojedynczy wspornik sufitowy do rury lub profila.<br \/>\n<strong>Kolorystyka: <\/strong>&#8211; antyk; &#8211; chrom-mat; &#8211; efekt stali.<br \/>\n&#8212;&#8212;&#8212;&#8212;&#8212;&#8212;&#8212;&#8212;&#8212;&#8212;&#8212;&#8212;&#8212;&#8212;&#8212;&#8212;&#8212;&#8212;&#8212;&#8212;&#8212;&#8212;&#8212;&#8212;&#8212;&#8212;&#8212;&#8212;&#8212;&#8212;&#8212;&#8212;&#8212;&#8212;&#8212;&#8212;&#8212;&#8212;&#8212;&#8212;&#8212;&#8212;&#8212;&#8212;&#8212;&#8212;&#8212;&#8212;&#8212;&#8212;&#8212;&#8211;<\/p>\n<h2><span style=\"color: #ff0000;\">NOWO\u015a\u0106<\/span>! GRAL WSPORNIK SUFITOWY UNIWERSALNY PODW\u00d3JNY \u00d8 19<\/h2>\n<p><img loading=\"lazy\" decoding=\"async\" class=\"aligncenter size-full wp-image-1255\" src=\"http:\/\/dekorowanieokien.pl\/wp-content\/uploads\/2010\/05\/gral-sufit-uni.jpg\" alt=\"gral-sufit-uni\" width=\"369\" height=\"369\" srcset=\"https:\/\/dekorowanieokien.pl\/wp-content\/uploads\/2010\/05\/gral-sufit-uni.jpg 369w, https:\/\/dekorowanieokien.pl\/wp-content\/uploads\/2010\/05\/gral-sufit-uni-150x150.jpg 150w, https:\/\/dekorowanieokien.pl\/wp-content\/uploads\/2010\/05\/gral-sufit-uni-300x300.jpg 300w, https:\/\/dekorowanieokien.pl\/wp-content\/uploads\/2010\/05\/gral-sufit-uni-177x177.jpg 177w, https:\/\/dekorowanieokien.pl\/wp-content\/uploads\/2010\/05\/gral-sufit-uni-35x35.jpg 35w, https:\/\/dekorowanieokien.pl\/wp-content\/uploads\/2010\/05\/gral-sufit-uni-164x164.jpg 164w, https:\/\/dekorowanieokien.pl\/wp-content\/uploads\/2010\/05\/gral-sufit-uni-185x185.jpg 185w\" sizes=\"auto, (max-width: 369px) 100vw, 369px\" \/><\/p>\n<p>Uniwersalny podw\u00f3jny wspornik sufitowy do rury lub profila.<br \/>\n<strong>Kolorystyka: <\/strong>&#8211; antyk; &#8211; chrom-mat; &#8211; efekt stali.<br \/>\n&#8212;&#8212;&#8212;&#8212;&#8212;&#8212;&#8212;&#8212;&#8212;&#8212;&#8212;&#8212;&#8212;&#8212;&#8212;&#8212;&#8212;&#8212;&#8212;&#8212;&#8212;&#8212;&#8212;&#8212;&#8212;&#8212;&#8212;&#8212;&#8212;&#8212;&#8212;&#8212;&#8212;&#8212;&#8212;&#8212;&#8212;&#8212;&#8212;&#8212;&#8212;&#8212;&#8212;&#8212;&#8212;&#8212;&#8212;&#8212;&#8212;&#8212;&#8212;&#8211;<\/p>\n<h2><span style=\"color: #ff0000;\">NOWO\u015a\u0106!<\/span> GALAXY<\/h2>\n<p><img loading=\"lazy\" decoding=\"async\" class=\"aligncenter size-full wp-image-1260\" src=\"http:\/\/dekorowanieokien.pl\/wp-content\/uploads\/2010\/05\/galaxy-2.jpg\" alt=\"galaxy-2\" width=\"510\" height=\"168\" srcset=\"https:\/\/dekorowanieokien.pl\/wp-content\/uploads\/2010\/05\/galaxy-2.jpg 510w, https:\/\/dekorowanieokien.pl\/wp-content\/uploads\/2010\/05\/galaxy-2-150x49.jpg 150w, https:\/\/dekorowanieokien.pl\/wp-content\/uploads\/2010\/05\/galaxy-2-300x98.jpg 300w\" sizes=\"auto, (max-width: 510px) 100vw, 510px\" \/><\/p>\n<p>Nowy i zarazem nowoczesny wz\u00f3r ko\u0144c\u00f3wki \u2013 Galaxy.<br \/>\nNawi\u0105zuje do ko\u0144c\u00f3wek G-Tech funkcjonuj\u0105cych w ramach systemu Square Line oraz podw\u00f3jnych ko\u0144c\u00f3wek Terra (dla systemu&nbsp; GRAL \u00d819).<br \/>\nTym razem oszcz\u0119dny ale i \u015bmia\u0142y projekt przeznaczony do kolekcji serii GRAL \u00d819.<br \/>\n<strong>Kolorystyka: <\/strong>&#8211; efekt stali<br \/>\n&#8212;&#8212;&#8212;&#8212;&#8212;&#8212;&#8212;&#8212;&#8212;&#8212;&#8212;&#8212;&#8212;&#8212;&#8212;&#8212;&#8212;&#8212;&#8212;&#8212;&#8212;&#8212;&#8212;&#8212;&#8212;&#8212;&#8212;&#8212;&#8212;&#8212;&#8212;&#8212;&#8212;&#8212;&#8212;&#8212;&#8212;&#8212;&#8212;&#8212;&#8212;&#8212;&#8212;&#8212;&#8212;&#8212;&#8212;&#8212;&#8212;&#8212;&#8212;&#8211;<\/p>\n<h2><span style=\"color: #ff0000;\">NOWO\u015a\u0106!<\/span> G-TECH<\/h2>\n<p><img loading=\"lazy\" decoding=\"async\" class=\"aligncenter size-full wp-image-1265\" src=\"http:\/\/dekorowanieokien.pl\/wp-content\/uploads\/2010\/05\/G-tech.jpg\" alt=\"G-tech\" width=\"482\" height=\"142\" srcset=\"https:\/\/dekorowanieokien.pl\/wp-content\/uploads\/2010\/05\/G-tech.jpg 482w, https:\/\/dekorowanieokien.pl\/wp-content\/uploads\/2010\/05\/G-tech-150x44.jpg 150w, https:\/\/dekorowanieokien.pl\/wp-content\/uploads\/2010\/05\/G-tech-300x88.jpg 300w\" sizes=\"auto, (max-width: 482px) 100vw, 482px\" \/><\/p>\n<p>G-Tech to przyk\u0142ad ko\u0144c\u00f3wki minimalistycznej o niezwykle spokojnej i eleganckiej formie \u2013 w po\u0142\u0105czeniu z czarnym, pojedynczym wspornikiem<br \/>\n<strong>Kolorystyka: <\/strong>&#8211; stal przecierana\/czarny<br \/>\n&#8212;&#8212;&#8212;&#8212;&#8212;&#8212;&#8212;&#8212;&#8212;&#8212;&#8212;&#8212;&#8212;&#8212;&#8212;&#8212;&#8212;&#8212;&#8212;&#8212;&#8212;&#8212;&#8212;&#8212;&#8212;&#8212;&#8212;&#8212;&#8212;&#8212;&#8212;&#8212;&#8212;&#8212;&#8212;&#8212;&#8212;&#8212;&#8212;&#8212;&#8212;&#8212;&#8212;&#8212;&#8212;&#8212;&#8212;&#8212;&#8212;&#8212;&#8212;&#8211;<\/p>\n<h2><span style=\"color: #ff0000;\">NOWO\u015a\u0106!<\/span> MURANO &#8211; KO\u0143C\u00d3WKI DWUSTRONNE<\/h2>\n<p><img loading=\"lazy\" decoding=\"async\" class=\"aligncenter size-full wp-image-1268\" src=\"http:\/\/dekorowanieokien.pl\/wp-content\/uploads\/2010\/05\/Murano.jpg\" alt=\"Murano\" width=\"457\" height=\"142\" srcset=\"https:\/\/dekorowanieokien.pl\/wp-content\/uploads\/2010\/05\/Murano.jpg 457w, https:\/\/dekorowanieokien.pl\/wp-content\/uploads\/2010\/05\/Murano-150x46.jpg 150w, https:\/\/dekorowanieokien.pl\/wp-content\/uploads\/2010\/05\/Murano-300x93.jpg 300w\" sizes=\"auto, (max-width: 457px) 100vw, 457px\" \/><\/p>\n<p>Dzi\u0119ki zastosowaniu r\u00f3\u017cnych wzor\u00f3w na awersie i rewersie mamy swobod\u0119 w wyborze.<br \/>\nWystarczy przekr\u0119ci\u0107 ko\u0144c\u00f3wk\u0119 o 180 stopni aby uzyska\u0107 zupe\u0142nie inny efekt.<br \/>\nPrzeznaczone do karniszy serii Grall \u00d819 .<br \/>\n<strong>Kolorystyka: <\/strong>&#8211; chrom\/mat; &#8211; efekt stali<br \/>\n&#8212;&#8212;&#8212;&#8212;&#8212;&#8212;&#8212;&#8212;&#8212;&#8212;&#8212;&#8212;&#8212;&#8212;&#8212;&#8212;&#8212;&#8212;&#8212;&#8212;&#8212;&#8212;&#8212;&#8212;&#8212;&#8212;&#8212;&#8212;&#8212;&#8212;&#8212;&#8212;&#8212;&#8212;&#8212;&#8212;&#8212;&#8212;&#8212;&#8212;&#8212;&#8212;&#8212;&#8212;&#8212;&#8212;&#8212;&#8212;&#8212;&#8212;&#8212;&#8211;<\/p>\n<p>Polecamy r\u00f3wnie\u017c, zaprojektowane w spos\u00f3b niebanalny, oryginalne dodatki dekoracyjne i wyko\u0144czeniowe, takie jak: <a title=\"Pozosta\u0142e dodatki\" href=\"http:\/\/dekorowanieokien.pl\/?page_id=1207\">klipsy magnetyczne, ko\u0144c\u00f3wki, zapinki, kryszta\u0142ki, \u017cabki, k\u00f3\u0142ka itp.<\/a><\/p>\n<p>&nbsp;<\/p>\n","protected":false},"excerpt":{"rendered":"<p>W naszej ofercie znajdziecie Pa\u0144stwo zaprojektowane w spos\u00f3b niebanalny, wysokiej jako\u015bci produkty firmy Marcin Dekor. S\u0105 to wyroby trwa\u0142e, funkcjonalne, pozwalaj\u0105ce podkre\u015bli\u0107 indywidualno\u015b\u0107 i wyj\u0105tkowo\u015b\u0107 ka\u017cdego wn\u0119trza. W szerokiej gamie produkt\u00f3w mo\u017cna znale\u017a\u0107 karnisze wykonane z tworzywa, drewna i metalu. Poni\u017cej prezentujemy wybrane NOWO\u015aCI a&nbsp;w\u015br\u00f3d nich linie&nbsp;&nbsp;ONYX oraz&nbsp;BLACK&amp;WHITE. &#8212;&#8212;&#8212;&#8212;&#8212;&#8212;&#8212;&#8212;&#8212;&#8212;&#8212;&#8212;&#8212;&#8212;&#8212;&#8212;&#8212;&#8212;&#8212;&#8212;&#8212;&#8212;&#8212;&#8212;&#8212;&#8212;&#8212;&#8212;&#8212;&#8212;&#8212;&#8212;&#8212;&#8212;&#8212;&#8212;&#8212;&#8212;&#8212;&#8212;&#8212;&#8212;&#8212;&#8212;&#8212;&#8212;&#8212;&#8212;&#8212;&#8212;&#8212;&#8211; NOWO\u015a\u0106!&nbsp;ONYX &nbsp; &nbsp; &nbsp; Nowy, efektowny [&hellip;]<\/p>\n","protected":false},"author":2,"featured_media":0,"parent":0,"menu_order":3,"comment_status":"closed","ping_status":"open","template":"","meta":{"ngg_post_thumbnail":0,"footnotes":""},"class_list":["post-7","page","type-page","status-publish","hentry"],"_links":{"self":[{"href":"https:\/\/dekorowanieokien.pl\/index.php?rest_route=\/wp\/v2\/pages\/7","targetHints":{"allow":["GET"]}}],"collection":[{"href":"https:\/\/dekorowanieokien.pl\/index.php?rest_route=\/wp\/v2\/pages"}],"about":[{"href":"https:\/\/dekorowanieokien.pl\/index.php?rest_route=\/wp\/v2\/types\/page"}],"author":[{"embeddable":true,"href":"https:\/\/dekorowanieokien.pl\/index.php?rest_route=\/wp\/v2\/users\/2"}],"replies":[{"embeddable":true,"href":"https:\/\/dekorowanieokien.pl\/index.php?rest_route=%2Fwp%2Fv2%2Fcomments&post=7"}],"version-history":[{"count":1,"href":"https:\/\/dekorowanieokien.pl\/index.php?rest_route=\/wp\/v2\/pages\/7\/revisions"}],"predecessor-version":[{"id":2682,"href":"https:\/\/dekorowanieokien.pl\/index.php?rest_route=\/wp\/v2\/pages\/7\/revisions\/2682"}],"wp:attachment":[{"href":"https:\/\/dekorowanieokien.pl\/index.php?rest_route=%2Fwp%2Fv2%2Fmedia&parent=7"}],"curies":[{"name":"wp","href":"https:\/\/api.w.org\/{rel}","templated":true}]}}