{"id":6,"date":"2010-05-26T18:43:26","date_gmt":"2010-05-26T18:43:26","guid":{"rendered":"http:\/\/www.coza.pl\/wp\/?page_id=6"},"modified":"2024-10-19T12:40:47","modified_gmt":"2024-10-19T10:40:47","slug":"rolety-rzymskie","status":"publish","type":"page","link":"https:\/\/dekorowanieokien.pl\/?page_id=6","title":{"rendered":"ROLETY RZYMSKIE"},"content":{"rendered":"\r\n<figure class=\"wp-block-image alignwide\"><img loading=\"lazy\" decoding=\"async\" width=\"624\" height=\"227\" class=\"wp-image-1986\" src=\"http:\/\/dekorowanieokien.pl\/wp-content\/uploads\/2010\/05\/rzymska_22_8-1.jpg\" alt=\"\" srcset=\"https:\/\/dekorowanieokien.pl\/wp-content\/uploads\/2010\/05\/rzymska_22_8-1.jpg 624w, https:\/\/dekorowanieokien.pl\/wp-content\/uploads\/2010\/05\/rzymska_22_8-1-150x55.jpg 150w, https:\/\/dekorowanieokien.pl\/wp-content\/uploads\/2010\/05\/rzymska_22_8-1-300x109.jpg 300w\" sizes=\"auto, (max-width: 624px) 100vw, 624px\" \/><\/figure>\r\n\r\n\r\n\r\n<h3 class=\"wp-block-heading\">&nbsp;<\/h3>\r\n<h3>Rolety Rzymskie to przede wszystkim nowoczesno\u015b\u0107, styl i elegancja.<\/h3>\r\n\r\n\r\n\r\n<p style=\"font-size: 15px;\">Doskonale nadaj\u0105 si\u0119 do ka\u017cdego rodzaju wn\u0119trza. Nie ma znaczenia czy jest to styl nowoczesny, klasyczny czy orientalny \u2013 wsz\u0119dzie stanowi\u0105 eleganckie dope\u0142nienie aran\u017cacji.<\/p>\r\n\r\n\r\n\r\n<figure class=\"wp-block-gallery columns-3 is-cropped wp-block-gallery-1 is-layout-flex wp-block-gallery-is-layout-flex\">\r\n<ul class=\"blocks-gallery-grid\">\r\n<li class=\"blocks-gallery-item\">\r\n<figure><img loading=\"lazy\" decoding=\"async\" width=\"283\" height=\"212\" class=\"wp-image-2650\" src=\"http:\/\/dekorowanieokien.pl\/wp-content\/uploads\/2020\/05\/rolrzym1.jpg\" alt=\"\" data-id=\"2650\" data-link=\"http:\/\/dekorowanieokien.pl\/?attachment_id=2650\" srcset=\"https:\/\/dekorowanieokien.pl\/wp-content\/uploads\/2020\/05\/rolrzym1.jpg 283w, https:\/\/dekorowanieokien.pl\/wp-content\/uploads\/2020\/05\/rolrzym1-150x112.jpg 150w\" sizes=\"auto, (max-width: 283px) 100vw, 283px\" \/><\/figure>\r\n<\/li>\r\n<li class=\"blocks-gallery-item\">\r\n<figure><img loading=\"lazy\" decoding=\"async\" width=\"283\" height=\"212\" class=\"wp-image-2651\" src=\"http:\/\/dekorowanieokien.pl\/wp-content\/uploads\/2020\/05\/rolrzym3.jpg\" alt=\"\" data-id=\"2651\" data-link=\"http:\/\/dekorowanieokien.pl\/?attachment_id=2651\" srcset=\"https:\/\/dekorowanieokien.pl\/wp-content\/uploads\/2020\/05\/rolrzym3.jpg 283w, https:\/\/dekorowanieokien.pl\/wp-content\/uploads\/2020\/05\/rolrzym3-150x112.jpg 150w\" sizes=\"auto, (max-width: 283px) 100vw, 283px\" \/><\/figure>\r\n<\/li>\r\n<li class=\"blocks-gallery-item\">\r\n<figure><img loading=\"lazy\" decoding=\"async\" width=\"624\" height=\"425\" class=\"wp-image-2652\" src=\"http:\/\/dekorowanieokien.pl\/wp-content\/uploads\/2020\/05\/rr001.jpg\" alt=\"\" data-id=\"2652\" data-link=\"http:\/\/dekorowanieokien.pl\/?attachment_id=2652\" srcset=\"https:\/\/dekorowanieokien.pl\/wp-content\/uploads\/2020\/05\/rr001.jpg 624w, https:\/\/dekorowanieokien.pl\/wp-content\/uploads\/2020\/05\/rr001-150x102.jpg 150w, https:\/\/dekorowanieokien.pl\/wp-content\/uploads\/2020\/05\/rr001-300x204.jpg 300w\" sizes=\"auto, (max-width: 624px) 100vw, 624px\" \/><\/figure>\r\n<\/li>\r\n<\/ul>\r\n<\/figure>\r\n\r\n\r\n\r\n<p style=\"font-size: 15px;\">To co wyr\u00f3\u017cnia tego rodzaju dekoracj\u0119 to fakt, \u017ce mo\u017cna j\u0105 uszy\u0107 z dowolnej tkaniny, praktycznie bez \u017cadnych ogranicze\u0144. Rolety mog\u0105 zast\u0119powa\u0107 zar\u00f3wno firany jak i zas\u0142ony. Podci\u0105gni\u0119te do g\u00f3ry zdobi\u0105 okno podobnie do lambrekinu.<\/p>\r\n\r\n\r\n\r\n<p style=\"font-size: 15px;\">Rolety Rzymskie sterowane s\u0105 przy pomocy specjalnego mechanizmu, kt\u00f3ry dobiera si\u0119 indywidualnie, w zale\u017cno\u015bci od rozmiaru danego okna.&nbsp; Zasad\u0119 dzia\u0142ania pokazuj\u0105 poni\u017csze zdj\u0119cia.<\/p>\r\n\r\n\r\n\r\n<figure class=\"wp-block-gallery columns-3 is-cropped wp-block-gallery-2 is-layout-flex wp-block-gallery-is-layout-flex\">\r\n<ul class=\"blocks-gallery-grid\">\r\n<li class=\"blocks-gallery-item\">\r\n<figure><img loading=\"lazy\" decoding=\"async\" width=\"567\" height=\"425\" class=\"wp-image-2653\" src=\"http:\/\/dekorowanieokien.pl\/wp-content\/uploads\/2020\/05\/001-roleta-up.jpg\" alt=\"\" data-id=\"2653\" data-link=\"http:\/\/dekorowanieokien.pl\/?attachment_id=2653\" srcset=\"https:\/\/dekorowanieokien.pl\/wp-content\/uploads\/2020\/05\/001-roleta-up.jpg 567w, https:\/\/dekorowanieokien.pl\/wp-content\/uploads\/2020\/05\/001-roleta-up-150x112.jpg 150w, https:\/\/dekorowanieokien.pl\/wp-content\/uploads\/2020\/05\/001-roleta-up-300x225.jpg 300w\" sizes=\"auto, (max-width: 567px) 100vw, 567px\" \/><\/figure>\r\n<\/li>\r\n<li class=\"blocks-gallery-item\">\r\n<figure><img loading=\"lazy\" decoding=\"async\" width=\"567\" height=\"425\" class=\"wp-image-2654\" src=\"http:\/\/dekorowanieokien.pl\/wp-content\/uploads\/2020\/05\/002roleta-center.jpg\" alt=\"\" data-id=\"2654\" data-link=\"http:\/\/dekorowanieokien.pl\/?attachment_id=2654\" srcset=\"https:\/\/dekorowanieokien.pl\/wp-content\/uploads\/2020\/05\/002roleta-center.jpg 567w, https:\/\/dekorowanieokien.pl\/wp-content\/uploads\/2020\/05\/002roleta-center-150x112.jpg 150w, https:\/\/dekorowanieokien.pl\/wp-content\/uploads\/2020\/05\/002roleta-center-300x225.jpg 300w\" sizes=\"auto, (max-width: 567px) 100vw, 567px\" \/><\/figure>\r\n<\/li>\r\n<li class=\"blocks-gallery-item\">\r\n<figure><img loading=\"lazy\" decoding=\"async\" width=\"567\" height=\"425\" class=\"wp-image-2655\" src=\"http:\/\/dekorowanieokien.pl\/wp-content\/uploads\/2020\/05\/003-roleta-down-1.jpg\" alt=\"\" data-id=\"2655\" data-link=\"http:\/\/dekorowanieokien.pl\/?attachment_id=2655\" srcset=\"https:\/\/dekorowanieokien.pl\/wp-content\/uploads\/2020\/05\/003-roleta-down-1.jpg 567w, https:\/\/dekorowanieokien.pl\/wp-content\/uploads\/2020\/05\/003-roleta-down-1-150x112.jpg 150w, https:\/\/dekorowanieokien.pl\/wp-content\/uploads\/2020\/05\/003-roleta-down-1-300x225.jpg 300w\" sizes=\"auto, (max-width: 567px) 100vw, 567px\" \/><\/figure>\r\n<\/li>\r\n<\/ul>\r\n<\/figure>\r\n\r\n\r\n\r\n<p style=\"font-size: 15px;\">Sterowanie mechanizmem odbywa si\u0119 za pomoc\u0105 \u0142a\u0144cuszka koralikowego, kt\u00f3ry umieszcza si\u0119 w jednym z bok\u00f3w profilu.<\/p>\r\n\r\n\r\n\r\n<p style=\"font-size: 15px;\">Dla os\u00f3b wymagaj\u0105cych jest mo\u017cliwo\u015b\u0107 zastosowania mechanizmu z nap\u0119dem elektrycznym, kt\u00f3rego sterowanie odbywa si\u0119 przy u\u017cyciu pilota.<\/p>\r\n\r\n\r\n\r\n<div style=\"width: 900px;\" class=\"wp-video\"><video class=\"wp-video-shortcode\" id=\"video-6-1\" width=\"900\" height=\"506\" preload=\"metadata\" controls=\"controls\"><source type=\"video\/mp4\" src=\"http:\/\/dekorowanieokien.pl\/wp-content\/uploads\/2024\/10\/Roleta-rzymska-z-napedem-elektrycznym.mp4?_=1\" \/><a href=\"http:\/\/dekorowanieokien.pl\/wp-content\/uploads\/2024\/10\/Roleta-rzymska-z-napedem-elektrycznym.mp4\">http:\/\/dekorowanieokien.pl\/wp-content\/uploads\/2024\/10\/Roleta-rzymska-z-napedem-elektrycznym.mp4<\/a><\/video><\/div>\r\n<p>&nbsp;<\/p>\r\n<p style=\"font-size: 15px;\">Ka\u017cde z tych rozwi\u0105za\u0144 umo\u017cliwia zatrzymanie rolety w dowolnym po\u0142o\u017ceniu. <br>Sam profil wykonany jest z aluminium i mo\u017ce by\u0107 montowany zar\u00f3wno do \u015bciany jak i sufitu. <br>Po zamocowaniu tkaniny, mechanizm zostaje zas\u0142oni\u0119ty i staje si\u0119 niewidoczny. <br>To samo dotyczy silnika, kt\u00f3ry jest wbudowany wewn\u0105trz profilu aluminiowego.<\/p>\r\n\r\n\r\n\r\n<p style=\"font-size: 15px;\">Istnieje te\u017c mo\u017cliwo\u015b\u0107 zamontowania rolet w spos\u00f3b bezinwazyjny na ramie okna. <br>Zalet\u0105 tego rozwi\u0105zania jest brak potrzeby wiercenia.<\/p>\r\n\r\n\r\n\r\n<h3 class=\"wp-block-heading\">Przyk\u0142ad rolet montowanych do sufitu w specjalnie przygotowanej do tego wn\u0119ce:<\/h3>\r\n\r\n\r\n\r\n<figure class=\"wp-block-gallery columns-2 is-cropped wp-block-gallery-3 is-layout-flex wp-block-gallery-is-layout-flex\">\r\n<ul class=\"blocks-gallery-grid\">\r\n<li class=\"blocks-gallery-item\">\r\n<figure><img loading=\"lazy\" decoding=\"async\" width=\"283\" height=\"209\" class=\"wp-image-2660\" src=\"http:\/\/dekorowanieokien.pl\/wp-content\/uploads\/2020\/05\/rolrzym31-1.jpg\" alt=\"\" data-id=\"2660\" data-link=\"http:\/\/dekorowanieokien.pl\/?attachment_id=2660\" srcset=\"https:\/\/dekorowanieokien.pl\/wp-content\/uploads\/2020\/05\/rolrzym31-1.jpg 283w, https:\/\/dekorowanieokien.pl\/wp-content\/uploads\/2020\/05\/rolrzym31-1-150x111.jpg 150w\" sizes=\"auto, (max-width: 283px) 100vw, 283px\" \/><\/figure>\r\n<\/li>\r\n<li class=\"blocks-gallery-item\">\r\n<figure><img loading=\"lazy\" decoding=\"async\" width=\"283\" height=\"209\" class=\"wp-image-2661\" src=\"http:\/\/dekorowanieokien.pl\/wp-content\/uploads\/2020\/05\/rolrzym4-1.jpg\" alt=\"\" data-id=\"2661\" data-link=\"http:\/\/dekorowanieokien.pl\/?attachment_id=2661\" srcset=\"https:\/\/dekorowanieokien.pl\/wp-content\/uploads\/2020\/05\/rolrzym4-1.jpg 283w, https:\/\/dekorowanieokien.pl\/wp-content\/uploads\/2020\/05\/rolrzym4-1-150x111.jpg 150w\" sizes=\"auto, (max-width: 283px) 100vw, 283px\" \/><\/figure>\r\n<\/li>\r\n<\/ul>\r\n<\/figure>\r\n\r\n\r\n\r\n<h3 class=\"wp-block-heading\">Przyk\u0142ad rolet montowanych bezinwazyjnie na ramie okna:<\/h3>\r\n\r\n\r\n\r\n<figure class=\"wp-block-gallery columns-2 is-cropped wp-block-gallery-4 is-layout-flex wp-block-gallery-is-layout-flex\">\r\n<ul class=\"blocks-gallery-grid\">\r\n<li class=\"blocks-gallery-item\">\r\n<figure><img loading=\"lazy\" decoding=\"async\" width=\"283\" height=\"213\" class=\"wp-image-2663\" src=\"http:\/\/dekorowanieokien.pl\/wp-content\/uploads\/2020\/05\/roleta_bezin2-1.jpg\" alt=\"\" data-id=\"2663\" data-link=\"http:\/\/dekorowanieokien.pl\/?attachment_id=2663\" srcset=\"https:\/\/dekorowanieokien.pl\/wp-content\/uploads\/2020\/05\/roleta_bezin2-1.jpg 283w, https:\/\/dekorowanieokien.pl\/wp-content\/uploads\/2020\/05\/roleta_bezin2-1-150x113.jpg 150w\" sizes=\"auto, (max-width: 283px) 100vw, 283px\" \/><\/figure>\r\n<\/li>\r\n<li class=\"blocks-gallery-item\">\r\n<figure><img loading=\"lazy\" decoding=\"async\" width=\"283\" height=\"213\" class=\"wp-image-2664\" src=\"http:\/\/dekorowanieokien.pl\/wp-content\/uploads\/2020\/05\/rolet_bezinw-1.jpg\" alt=\"\" data-id=\"2664\" data-link=\"http:\/\/dekorowanieokien.pl\/?attachment_id=2664\" srcset=\"https:\/\/dekorowanieokien.pl\/wp-content\/uploads\/2020\/05\/rolet_bezinw-1.jpg 283w, https:\/\/dekorowanieokien.pl\/wp-content\/uploads\/2020\/05\/rolet_bezinw-1-150x113.jpg 150w\" sizes=\"auto, (max-width: 283px) 100vw, 283px\" \/><\/figure>\r\n<\/li>\r\n<\/ul>\r\n<\/figure>\r\n\r\n\r\n\r\n<figure class=\"wp-block-gallery columns-2 is-cropped wp-block-gallery-5 is-layout-flex wp-block-gallery-is-layout-flex\">\r\n<ul class=\"blocks-gallery-grid\">\r\n<li class=\"blocks-gallery-item\">\r\n<figure><img loading=\"lazy\" decoding=\"async\" width=\"283\" height=\"213\" class=\"wp-image-2665\" src=\"http:\/\/dekorowanieokien.pl\/wp-content\/uploads\/2020\/05\/roleta_kratka-2.jpg\" alt=\"\" data-id=\"2665\" data-link=\"http:\/\/dekorowanieokien.pl\/?attachment_id=2665\" srcset=\"https:\/\/dekorowanieokien.pl\/wp-content\/uploads\/2020\/05\/roleta_kratka-2.jpg 283w, https:\/\/dekorowanieokien.pl\/wp-content\/uploads\/2020\/05\/roleta_kratka-2-150x113.jpg 150w\" sizes=\"auto, (max-width: 283px) 100vw, 283px\" \/><\/figure>\r\n<\/li>\r\n<li class=\"blocks-gallery-item\">\r\n<figure><img loading=\"lazy\" decoding=\"async\" width=\"283\" height=\"213\" class=\"wp-image-2666\" src=\"http:\/\/dekorowanieokien.pl\/wp-content\/uploads\/2020\/05\/roleta_paski-2.jpg\" alt=\"\" data-id=\"2666\" data-link=\"http:\/\/dekorowanieokien.pl\/?attachment_id=2666\" srcset=\"https:\/\/dekorowanieokien.pl\/wp-content\/uploads\/2020\/05\/roleta_paski-2.jpg 283w, https:\/\/dekorowanieokien.pl\/wp-content\/uploads\/2020\/05\/roleta_paski-2-150x113.jpg 150w\" sizes=\"auto, (max-width: 283px) 100vw, 283px\" \/><\/figure>\r\n<\/li>\r\n<\/ul>\r\n<\/figure>\r\n\r\n\r\n\r\n<p style=\"font-size: 15px;\">Ciekaw\u0105 alternatyw\u0105 dla rolety rzymskiej jest jej imitacja. <br>Tego typu dekoracj\u0119 mo\u017cna powiesi\u0107 za szelki na tradycyjnym karniszu.<br>Rolet\u0119 mo\u017cna dowolnie upina\u0107 zar\u00f3wno w g\u00f3r\u0119 jak i w d\u00f3\u0142.<\/p>\r\n\r\n\r\n\r\n<figure class=\"wp-block-image\"><img loading=\"lazy\" decoding=\"async\" width=\"283\" height=\"206\" class=\"wp-image-1602\" src=\"http:\/\/dekorowanieokien.pl\/wp-content\/uploads\/2010\/05\/atrapa.jpg\" alt=\"\" srcset=\"https:\/\/dekorowanieokien.pl\/wp-content\/uploads\/2010\/05\/atrapa.jpg 283w, https:\/\/dekorowanieokien.pl\/wp-content\/uploads\/2010\/05\/atrapa-150x109.jpg 150w\" sizes=\"auto, (max-width: 283px) 100vw, 283px\" \/><\/figure>\r\n\r\n\r\n\r\n<p style=\"font-size: 15px;\">Imitacja rolety na zdj\u0119ciu, na samym dole zosta\u0142a dodatkowo wyko\u0144czona kryszta\u0142ami ozdobnymi. <br>Dla sp\u00f3jno\u015bci dekoracji, na bokach karnisza mo\u017cna zamontowa\u0107 ko\u0144c\u00f3wki ozdobne typu Cristal.<\/p>\r\n\r\n\r\n\r\n<p style=\"font-size: 15px;\">Rolety Rzymskie s\u0105 \u0142atwe w utrzymaniu. W przypadku prania, wystarczy w prosty spos\u00f3b odczepi\u0107 je od mechanizmu. Po wyczyszczeniu i wysuszeniu r\u00f3wnie \u0142atwo montuje si\u0119 je na swoim miejscu.<\/p>\r\n\r\n\r\n\r\n<h3 class=\"wp-block-heading\">WA\u017bNE!<\/h3>\r\n\r\n\r\n\r\n<p style=\"font-size: 15px;\">Nale\u017cy pami\u0119ta\u0107, \u017ce tkaniny wykonane z poliestru mo\u017cna pra\u0107 w temperaturze nieprzekraczaj\u0105cej 30 \u00b0C. <br>Tkaniny jedwabne, \u017cakardowe oraz z w\u0142\u00f3kien naturalnych nale\u017cy czy\u015bci\u0107 chemicznie.<br><br>\u017beby dowiedzie\u0107 si\u0119 wi\u0119cej lub \u017ceby zam\u00f3wi\u0107 pomiar&nbsp;<a href=\"http:\/\/dekorowanieokien.pl\/?page_id=2294\">napisz do nas lub zadzwo\u0144<\/a>.<\/p>\r\n","protected":false},"excerpt":{"rendered":"<p>&nbsp; Rolety Rzymskie to przede wszystkim nowoczesno\u015b\u0107, styl i elegancja. Doskonale nadaj\u0105 si\u0119 do ka\u017cdego rodzaju wn\u0119trza. Nie ma znaczenia czy jest to styl nowoczesny, klasyczny czy orientalny \u2013 wsz\u0119dzie stanowi\u0105 eleganckie dope\u0142nienie aran\u017cacji. To co wyr\u00f3\u017cnia tego rodzaju dekoracj\u0119 to fakt, \u017ce mo\u017cna j\u0105 uszy\u0107 z dowolnej tkaniny, praktycznie bez \u017cadnych ogranicze\u0144. Rolety mog\u0105 [&hellip;]<\/p>\n","protected":false},"author":2,"featured_media":0,"parent":0,"menu_order":1,"comment_status":"closed","ping_status":"open","template":"","meta":{"ngg_post_thumbnail":0,"footnotes":""},"class_list":["post-6","page","type-page","status-publish","hentry"],"_links":{"self":[{"href":"https:\/\/dekorowanieokien.pl\/index.php?rest_route=\/wp\/v2\/pages\/6","targetHints":{"allow":["GET"]}}],"collection":[{"href":"https:\/\/dekorowanieokien.pl\/index.php?rest_route=\/wp\/v2\/pages"}],"about":[{"href":"https:\/\/dekorowanieokien.pl\/index.php?rest_route=\/wp\/v2\/types\/page"}],"author":[{"embeddable":true,"href":"https:\/\/dekorowanieokien.pl\/index.php?rest_route=\/wp\/v2\/users\/2"}],"replies":[{"embeddable":true,"href":"https:\/\/dekorowanieokien.pl\/index.php?rest_route=%2Fwp%2Fv2%2Fcomments&post=6"}],"version-history":[{"count":2,"href":"https:\/\/dekorowanieokien.pl\/index.php?rest_route=\/wp\/v2\/pages\/6\/revisions"}],"predecessor-version":[{"id":4154,"href":"https:\/\/dekorowanieokien.pl\/index.php?rest_route=\/wp\/v2\/pages\/6\/revisions\/4154"}],"wp:attachment":[{"href":"https:\/\/dekorowanieokien.pl\/index.php?rest_route=%2Fwp%2Fv2%2Fmedia&parent=6"}],"curies":[{"name":"wp","href":"https:\/\/api.w.org\/{rel}","templated":true}]}}