{"id":570,"date":"2010-06-18T10:40:36","date_gmt":"2010-06-18T08:40:36","guid":{"rendered":"http:\/\/www.coza.pl\/?page_id=570"},"modified":"2020-05-17T19:25:14","modified_gmt":"2020-05-17T17:25:14","slug":"narzuty-i-poduszki","status":"publish","type":"page","link":"https:\/\/dekorowanieokien.pl\/?page_id=570","title":{"rendered":"DODATKI"},"content":{"rendered":"\n<h4 class=\"wp-block-heading\"><img loading=\"lazy\" decoding=\"async\" class=\"aligncenter size-full wp-image-742\" title=\"dekoracje\" src=\"http:\/\/www.coza.pl\/wp-content\/uploads\/2010\/05\/dekoracje.jpg\" alt=\"\" width=\"624\" height=\"227\" srcset=\"https:\/\/dekorowanieokien.pl\/wp-content\/uploads\/2010\/05\/dekoracje.jpg 624w, https:\/\/dekorowanieokien.pl\/wp-content\/uploads\/2010\/05\/dekoracje-150x54.jpg 150w, https:\/\/dekorowanieokien.pl\/wp-content\/uploads\/2010\/05\/dekoracje-300x109.jpg 300w\" sizes=\"auto, (max-width: 624px) 100vw, 624px\" \/><\/h4>\n\n\n\n<h3 class=\"wp-block-heading\">Dodatkowe elementy wystroju nadaj\u0105 niepowtarzalny klimat.<\/h3>\n\n\n\n<p style=\"font-size:15px\">\u017beby wn\u0119trze by\u0142o jeszcze bardziej przytulne a poszczeg\u00f3lne elementy wystroju lepiej si\u0119 komponowa\u0142y, oferujemy mo\u017cliwo\u015b\u0107 wykonania na zam\u00f3wienie: narzut, poduszek, obrus\u00f3w oraz pokrowc\u00f3w na krzes\u0142a i fotele w takiej samej tonacji w jakiej wykonana jest dekoracja okien. Te same materia\u0142y u\u017cyte jako dodatkowe elementy wystroju stworz\u0105 niepowtarzalny, wyj\u0105tkowy i ciep\u0142y klimat.<\/p>\n\n\n\n<h3 class=\"wp-block-heading\">Pokrowce na krzes\u0142a i fotele<\/h3>\n\n\nngg_shortcode_0_placeholder\n\n\n\n<h3 class=\"wp-block-heading\">Narzuty<\/h3>\n\n\nngg_shortcode_1_placeholder\n\n\n\n<h3 class=\"wp-block-heading\">Poduszki ozdobne<\/h3>\n\n\nngg_shortcode_2_placeholder\n","protected":false},"excerpt":{"rendered":"<p>Dodatkowe elementy wystroju nadaj\u0105 niepowtarzalny klimat. \u017beby wn\u0119trze by\u0142o jeszcze bardziej przytulne a poszczeg\u00f3lne elementy wystroju lepiej si\u0119 komponowa\u0142y, oferujemy mo\u017cliwo\u015b\u0107 wykonania na zam\u00f3wienie: narzut, poduszek, obrus\u00f3w oraz pokrowc\u00f3w na krzes\u0142a i fotele w takiej samej tonacji w jakiej wykonana jest dekoracja okien. Te same materia\u0142y u\u017cyte jako dodatkowe elementy wystroju stworz\u0105 niepowtarzalny, wyj\u0105tkowy i [&hellip;]<\/p>\n","protected":false},"author":5,"featured_media":0,"parent":0,"menu_order":5,"comment_status":"closed","ping_status":"closed","template":"","meta":{"ngg_post_thumbnail":0,"footnotes":""},"class_list":["post-570","page","type-page","status-publish","hentry"],"_links":{"self":[{"href":"https:\/\/dekorowanieokien.pl\/index.php?rest_route=\/wp\/v2\/pages\/570","targetHints":{"allow":["GET"]}}],"collection":[{"href":"https:\/\/dekorowanieokien.pl\/index.php?rest_route=\/wp\/v2\/pages"}],"about":[{"href":"https:\/\/dekorowanieokien.pl\/index.php?rest_route=\/wp\/v2\/types\/page"}],"author":[{"embeddable":true,"href":"https:\/\/dekorowanieokien.pl\/index.php?rest_route=\/wp\/v2\/users\/5"}],"replies":[{"embeddable":true,"href":"https:\/\/dekorowanieokien.pl\/index.php?rest_route=%2Fwp%2Fv2%2Fcomments&post=570"}],"version-history":[{"count":1,"href":"https:\/\/dekorowanieokien.pl\/index.php?rest_route=\/wp\/v2\/pages\/570\/revisions"}],"predecessor-version":[{"id":2813,"href":"https:\/\/dekorowanieokien.pl\/index.php?rest_route=\/wp\/v2\/pages\/570\/revisions\/2813"}],"wp:attachment":[{"href":"https:\/\/dekorowanieokien.pl\/index.php?rest_route=%2Fwp%2Fv2%2Fmedia&parent=570"}],"curies":[{"name":"wp","href":"https:\/\/api.w.org\/{rel}","templated":true}]}}