{"id":439,"date":"2010-06-03T14:03:28","date_gmt":"2010-06-03T14:03:28","guid":{"rendered":"http:\/\/www.coza.pl\/wp\/?page_id=439"},"modified":"2024-10-19T12:25:40","modified_gmt":"2024-10-19T10:25:40","slug":"firma","status":"publish","type":"page","link":"https:\/\/dekorowanieokien.pl\/?page_id=439","title":{"rendered":"ZAKRES US\u0141UG"},"content":{"rendered":"\r\n\r\n\r\n<p style=\"font-size: 15px;\"><img loading=\"lazy\" decoding=\"async\" class=\"size-full wp-image-4145 aligncenter\" src=\"http:\/\/dekorowanieokien.pl\/wp-content\/uploads\/2024\/10\/LK_05_V1.jpg\" alt=\"\" width=\"1900\" height=\"882\" srcset=\"https:\/\/dekorowanieokien.pl\/wp-content\/uploads\/2024\/10\/LK_05_V1.jpg 1900w, https:\/\/dekorowanieokien.pl\/wp-content\/uploads\/2024\/10\/LK_05_V1-300x139.jpg 300w, https:\/\/dekorowanieokien.pl\/wp-content\/uploads\/2024\/10\/LK_05_V1-1024x475.jpg 1024w, https:\/\/dekorowanieokien.pl\/wp-content\/uploads\/2024\/10\/LK_05_V1-150x70.jpg 150w, https:\/\/dekorowanieokien.pl\/wp-content\/uploads\/2024\/10\/LK_05_V1-768x357.jpg 768w, https:\/\/dekorowanieokien.pl\/wp-content\/uploads\/2024\/10\/LK_05_V1-1536x713.jpg 1536w\" sizes=\"auto, (max-width: 1900px) 100vw, 1900px\" \/><\/p>\r\n<h2>Ubieramy okna na miar\u0119 od 2000 roku.<\/h2>\r\n<p style=\"font-size: 15px;\">Od tego czasu istnieje nasza firma, specjalizuj\u0105c si\u0119 w dekorowaniu okien i wn\u0119trz. <br>Przez ca\u0142y ten okres doradzamy Naszym Klientom przy wyborze projekt\u00f3w do domu, biura, kawiarni, restauracji, hoteli, szk\u00f3\u0142, instytucji publicznych, itp. <br>S\u0142u\u017cymy pomoc\u0105 w zaprojektowaniu oraz uszyciu na miar\u0119 dowolnej i praktycznej dekoracji sk\u0142adaj\u0105cej si\u0119 z <a href=\"http:\/\/dekorowanieokien.pl\/?page_id=3\" target=\"_blank\" rel=\"noreferrer noopener\">firan<\/a>, <a href=\"http:\/\/www.dekorowanieokien.pl\/?page_id=3\">z<\/a><a href=\"http:\/\/dekorowanieokien.pl\/?page_id=3\" target=\"_blank\" rel=\"noreferrer noopener\">as\u0142on<\/a>, <a href=\"http:\/\/dekorowanieokien.pl\/?page_id=3\" target=\"_blank\" rel=\"noreferrer noopener\">lambrekin\u00f3w<\/a>, <a href=\"http:\/\/dekorowanieokien.pl\/?page_id=6\" target=\"_blank\" rel=\"noreferrer noopener\">rolet rzymskich<\/a>, <a href=\"http:\/\/dekorowanieokien.pl\/?page_id=570\" target=\"_blank\" rel=\"noreferrer noopener\">narzut<\/a>, <a href=\"http:\/\/dekorowanieokien.pl\/?page_id=570\" target=\"_blank\" rel=\"noreferrer noopener\">poduszek ozdobnych<\/a>. <br>Obszywamy <a href=\"http:\/\/dekorowanieokien.pl\/?page_id=570\" target=\"_blank\" rel=\"noreferrer noopener\">pokrowcami fotele i krzes\u0142a<\/a>. Doradzamy w wyborze materia\u0142\u00f3w. Posiadamy szeroki wyb\u00f3r tkanin, <a href=\"http:\/\/dekorowanieokien.pl\/?page_id=7\" target=\"_blank\" rel=\"noreferrer noopener\">karniszy<\/a>, <a href=\"http:\/\/dekorowanieokien.pl\/?page_id=938\">szyn sufitowych zwyk\u0142ych<\/a> i z nap\u0119dem elektrycznym a tak\u017ce <a href=\"http:\/\/dekorowanieokien.pl\/?page_id=570\" target=\"_blank\" rel=\"noreferrer noopener\">dodatk\u00f3w ozdobnych<\/a>.&nbsp; <br>Na indywidualne zam\u00f3wienie tworzymy wyj\u0105tkowe i niebanalne dekoracje. Doje\u017cd\u017camy do klient\u00f3w na pomiar i aran\u017cacje.&nbsp; <br>Zajmujemy si\u0119 r\u00f3wnie\u017c instalacj\u0105 gotowych dekoracji. Montujemy karnisze i mechanizmy do rolet rzymskich.<br>Uzupe\u0142nieniem naszej oferty jest bogaty wyb\u00f3r:&nbsp;<a href=\"http:\/\/dekorowanieokien.pl\/?page_id=777\" target=\"_blank\" rel=\"noreferrer noopener\">rolet w kasecie<\/a> ALU lub PVC w popularnym i niezawodnym systemie UNI, nowoczesnych rolet w systemie Duolight czyli ostatnio bardzo popularnych <a href=\"http:\/\/dekorowanieokien.pl\/?page_id=980\" target=\"_blank\" rel=\"noreferrer noopener\">&#8222;Dzie\u0144 i Noc&#8221;<\/a>, &nbsp;<a href=\"http:\/\/dekorowanieokien.pl\/?page_id=877\" target=\"_blank\" rel=\"noreferrer noopener\">plis do okien dachowych<\/a>, <a href=\"http:\/\/dekorowanieokien.pl\/?page_id=877\">plis<\/a> do okien zwyk\u0142ych, <a href=\"http:\/\/dekorowanieokien.pl\/?page_id=880\" target=\"_blank\" rel=\"noreferrer noopener\">\u017caluzji aluminiowych i drewnianych<\/a>, <a href=\"http:\/\/dekorowanieokien.pl\/?page_id=1721\" target=\"_blank\" rel=\"noreferrer noopener\">\u017caluzji pionowych typu Verticale<\/a> oraz <a href=\"http:\/\/dekorowanieokien.pl\/?page_id=1717\" target=\"_blank\" rel=\"noreferrer noopener\">rolet wolnowisz\u0105cych<\/a>.<br>A dla ochrony przed owadami polecamy <a href=\"http:\/\/dekorowanieokien.pl\/?page_id=873\" target=\"_blank\" rel=\"noreferrer noopener\">moskitiery<\/a> montowane w ramie okna w spos\u00f3b bezinwazyjny oraz drzwiowe, montowane w wyj\u015bciach na balkony, tarasy, itp.<\/p>\r\n\r\n\r\n\r\n<figure><img loading=\"lazy\" decoding=\"async\" class=\"size-full wp-image-2266 aligncenter\" src=\"http:\/\/dekorowanieokien.pl\/wp-content\/uploads\/2010\/06\/coza_studio.jpg\" alt=\"\" width=\"624\" height=\"227\" srcset=\"https:\/\/dekorowanieokien.pl\/wp-content\/uploads\/2010\/06\/coza_studio.jpg 624w, https:\/\/dekorowanieokien.pl\/wp-content\/uploads\/2010\/06\/coza_studio-150x55.jpg 150w, https:\/\/dekorowanieokien.pl\/wp-content\/uploads\/2010\/06\/coza_studio-300x109.jpg 300w\" sizes=\"auto, (max-width: 624px) 100vw, 624px\" \/><\/figure>\r\n\r\n\r\n\r\n<ul class=\"wp-block-list\">\r\n<li>Zapraszamy do naszego salonu firmowego Coza Studio w Legionowie ul. Suwalna 10.<\/li>\r\n<li>\u017beby dowiedzie\u0107 si\u0119 wi\u0119cej lub \u017ceby zam\u00f3wi\u0107 pomiar&nbsp;<a href=\"http:\/\/dekorowanieokien.pl\/?page_id=2294\">napisz do nas lub zadzwo\u0144<\/a>.<\/li>\r\n<\/ul>\r\n\r\n\r\n\r\n<figure class=\"wp-block-gallery columns-3 is-cropped wp-block-gallery-1 is-layout-flex wp-block-gallery-is-layout-flex\">\r\n<ul class=\"blocks-gallery-grid\">\r\n<li class=\"blocks-gallery-item\">\r\n<figure><img loading=\"lazy\" decoding=\"async\" width=\"297\" height=\"212\" class=\"wp-image-2555\" src=\"http:\/\/dekorowanieokien.pl\/wp-content\/uploads\/2020\/05\/sklep_01.jpg\" alt=\"\" data-id=\"2555\" data-link=\"http:\/\/dekorowanieokien.pl\/?attachment_id=2555\" srcset=\"https:\/\/dekorowanieokien.pl\/wp-content\/uploads\/2020\/05\/sklep_01.jpg 297w, https:\/\/dekorowanieokien.pl\/wp-content\/uploads\/2020\/05\/sklep_01-150x107.jpg 150w\" sizes=\"auto, (max-width: 297px) 100vw, 297px\" \/><\/figure>\r\n<\/li>\r\n<li class=\"blocks-gallery-item\">\r\n<figure><img loading=\"lazy\" decoding=\"async\" width=\"296\" height=\"212\" class=\"wp-image-2556\" src=\"http:\/\/dekorowanieokien.pl\/wp-content\/uploads\/2020\/05\/wnetrze-07.jpg\" alt=\"\" data-id=\"2556\" data-link=\"http:\/\/dekorowanieokien.pl\/?attachment_id=2556\" srcset=\"https:\/\/dekorowanieokien.pl\/wp-content\/uploads\/2020\/05\/wnetrze-07.jpg 296w, https:\/\/dekorowanieokien.pl\/wp-content\/uploads\/2020\/05\/wnetrze-07-150x107.jpg 150w\" sizes=\"auto, (max-width: 296px) 100vw, 296px\" \/><\/figure>\r\n<\/li>\r\n<li class=\"blocks-gallery-item\">\r\n<figure><img loading=\"lazy\" decoding=\"async\" width=\"296\" height=\"212\" class=\"wp-image-2557\" src=\"http:\/\/dekorowanieokien.pl\/wp-content\/uploads\/2020\/05\/wnetrze_17.jpg\" alt=\"\" data-id=\"2557\" data-link=\"http:\/\/dekorowanieokien.pl\/?attachment_id=2557\" srcset=\"https:\/\/dekorowanieokien.pl\/wp-content\/uploads\/2020\/05\/wnetrze_17.jpg 296w, https:\/\/dekorowanieokien.pl\/wp-content\/uploads\/2020\/05\/wnetrze_17-150x107.jpg 150w\" sizes=\"auto, (max-width: 296px) 100vw, 296px\" \/><\/figure>\r\n<\/li>\r\n<li class=\"blocks-gallery-item\">\r\n<figure><img loading=\"lazy\" decoding=\"async\" width=\"296\" height=\"212\" class=\"wp-image-2558\" src=\"http:\/\/dekorowanieokien.pl\/wp-content\/uploads\/2020\/05\/wnetrze_14.jpg\" alt=\"\" data-id=\"2558\" data-link=\"http:\/\/dekorowanieokien.pl\/?attachment_id=2558\" srcset=\"https:\/\/dekorowanieokien.pl\/wp-content\/uploads\/2020\/05\/wnetrze_14.jpg 296w, https:\/\/dekorowanieokien.pl\/wp-content\/uploads\/2020\/05\/wnetrze_14-150x107.jpg 150w\" sizes=\"auto, (max-width: 296px) 100vw, 296px\" \/><\/figure>\r\n<\/li>\r\n<li class=\"blocks-gallery-item\">\r\n<figure><img loading=\"lazy\" decoding=\"async\" width=\"296\" height=\"212\" class=\"wp-image-2559\" src=\"http:\/\/dekorowanieokien.pl\/wp-content\/uploads\/2020\/05\/wnetrze_12.jpg\" alt=\"\" data-id=\"2559\" data-link=\"http:\/\/dekorowanieokien.pl\/?attachment_id=2559\" srcset=\"https:\/\/dekorowanieokien.pl\/wp-content\/uploads\/2020\/05\/wnetrze_12.jpg 296w, https:\/\/dekorowanieokien.pl\/wp-content\/uploads\/2020\/05\/wnetrze_12-150x107.jpg 150w\" sizes=\"auto, (max-width: 296px) 100vw, 296px\" \/><\/figure>\r\n<\/li>\r\n<li class=\"blocks-gallery-item\">\r\n<figure><img loading=\"lazy\" decoding=\"async\" width=\"296\" height=\"212\" class=\"wp-image-2560\" src=\"http:\/\/dekorowanieokien.pl\/wp-content\/uploads\/2020\/05\/wnetrze-16.jpg\" alt=\"\" data-id=\"2560\" data-link=\"http:\/\/dekorowanieokien.pl\/?attachment_id=2560\" srcset=\"https:\/\/dekorowanieokien.pl\/wp-content\/uploads\/2020\/05\/wnetrze-16.jpg 296w, https:\/\/dekorowanieokien.pl\/wp-content\/uploads\/2020\/05\/wnetrze-16-150x107.jpg 150w\" sizes=\"auto, (max-width: 296px) 100vw, 296px\" \/><\/figure>\r\n<\/li>\r\n<li class=\"blocks-gallery-item\">\r\n<figure><img loading=\"lazy\" decoding=\"async\" width=\"296\" height=\"212\" class=\"wp-image-2561\" src=\"http:\/\/dekorowanieokien.pl\/wp-content\/uploads\/2020\/05\/wnetrze-11.jpg\" alt=\"\" data-id=\"2561\" data-link=\"http:\/\/dekorowanieokien.pl\/?attachment_id=2561\" srcset=\"https:\/\/dekorowanieokien.pl\/wp-content\/uploads\/2020\/05\/wnetrze-11.jpg 296w, https:\/\/dekorowanieokien.pl\/wp-content\/uploads\/2020\/05\/wnetrze-11-150x107.jpg 150w\" sizes=\"auto, (max-width: 296px) 100vw, 296px\" \/><\/figure>\r\n<\/li>\r\n<li class=\"blocks-gallery-item\">\r\n<figure><img loading=\"lazy\" decoding=\"async\" width=\"296\" height=\"212\" class=\"wp-image-2562\" src=\"http:\/\/dekorowanieokien.pl\/wp-content\/uploads\/2020\/05\/obejma_przelotki.jpg\" alt=\"\" data-id=\"2562\" data-link=\"http:\/\/dekorowanieokien.pl\/?attachment_id=2562\" srcset=\"https:\/\/dekorowanieokien.pl\/wp-content\/uploads\/2020\/05\/obejma_przelotki.jpg 296w, https:\/\/dekorowanieokien.pl\/wp-content\/uploads\/2020\/05\/obejma_przelotki-150x107.jpg 150w\" sizes=\"auto, (max-width: 296px) 100vw, 296px\" \/><\/figure>\r\n<\/li>\r\n<li class=\"blocks-gallery-item\">\r\n<figure><img loading=\"lazy\" decoding=\"async\" width=\"297\" height=\"212\" class=\"wp-image-2563\" src=\"http:\/\/dekorowanieokien.pl\/wp-content\/uploads\/2020\/05\/sklep_02.jpg\" alt=\"\" data-id=\"2563\" data-link=\"http:\/\/dekorowanieokien.pl\/?attachment_id=2563\" srcset=\"https:\/\/dekorowanieokien.pl\/wp-content\/uploads\/2020\/05\/sklep_02.jpg 297w, https:\/\/dekorowanieokien.pl\/wp-content\/uploads\/2020\/05\/sklep_02-150x107.jpg 150w\" sizes=\"auto, (max-width: 297px) 100vw, 297px\" \/><\/figure>\r\n<\/li>\r\n<li class=\"blocks-gallery-item\">\r\n<figure><img loading=\"lazy\" decoding=\"async\" width=\"297\" height=\"212\" class=\"wp-image-2564\" src=\"http:\/\/dekorowanieokien.pl\/wp-content\/uploads\/2020\/05\/sklep_03.jpg\" alt=\"\" data-id=\"2564\" data-link=\"http:\/\/dekorowanieokien.pl\/?attachment_id=2564\" srcset=\"https:\/\/dekorowanieokien.pl\/wp-content\/uploads\/2020\/05\/sklep_03.jpg 297w, https:\/\/dekorowanieokien.pl\/wp-content\/uploads\/2020\/05\/sklep_03-150x107.jpg 150w\" sizes=\"auto, (max-width: 297px) 100vw, 297px\" \/><\/figure>\r\n<\/li>\r\n<li class=\"blocks-gallery-item\">\r\n<figure><img loading=\"lazy\" decoding=\"async\" width=\"297\" height=\"212\" class=\"wp-image-2565\" src=\"http:\/\/dekorowanieokien.pl\/wp-content\/uploads\/2020\/05\/wnetrze_01.jpg\" alt=\"\" data-id=\"2565\" data-link=\"http:\/\/dekorowanieokien.pl\/?attachment_id=2565\" srcset=\"https:\/\/dekorowanieokien.pl\/wp-content\/uploads\/2020\/05\/wnetrze_01.jpg 297w, https:\/\/dekorowanieokien.pl\/wp-content\/uploads\/2020\/05\/wnetrze_01-150x107.jpg 150w\" sizes=\"auto, (max-width: 297px) 100vw, 297px\" \/><\/figure>\r\n<\/li>\r\n<li class=\"blocks-gallery-item\">\r\n<figure><img loading=\"lazy\" decoding=\"async\" width=\"297\" height=\"212\" class=\"wp-image-2566\" src=\"http:\/\/dekorowanieokien.pl\/wp-content\/uploads\/2020\/05\/wnetrze_02.jpg\" alt=\"\" data-id=\"2566\" data-link=\"http:\/\/dekorowanieokien.pl\/?attachment_id=2566\" srcset=\"https:\/\/dekorowanieokien.pl\/wp-content\/uploads\/2020\/05\/wnetrze_02.jpg 297w, https:\/\/dekorowanieokien.pl\/wp-content\/uploads\/2020\/05\/wnetrze_02-150x107.jpg 150w\" sizes=\"auto, (max-width: 297px) 100vw, 297px\" \/><\/figure>\r\n<\/li>\r\n<li class=\"blocks-gallery-item\">\r\n<figure><img loading=\"lazy\" decoding=\"async\" width=\"297\" height=\"212\" class=\"wp-image-2567\" src=\"http:\/\/dekorowanieokien.pl\/wp-content\/uploads\/2020\/05\/wnetrze_03.jpg\" alt=\"\" data-id=\"2567\" data-link=\"http:\/\/dekorowanieokien.pl\/?attachment_id=2567\" srcset=\"https:\/\/dekorowanieokien.pl\/wp-content\/uploads\/2020\/05\/wnetrze_03.jpg 297w, https:\/\/dekorowanieokien.pl\/wp-content\/uploads\/2020\/05\/wnetrze_03-150x107.jpg 150w\" sizes=\"auto, (max-width: 297px) 100vw, 297px\" \/><\/figure>\r\n<\/li>\r\n<li class=\"blocks-gallery-item\">\r\n<figure><img loading=\"lazy\" decoding=\"async\" width=\"297\" height=\"212\" class=\"wp-image-2568\" src=\"http:\/\/dekorowanieokien.pl\/wp-content\/uploads\/2020\/05\/wnetrze_05.jpg\" alt=\"\" data-id=\"2568\" data-link=\"http:\/\/dekorowanieokien.pl\/?attachment_id=2568\" srcset=\"https:\/\/dekorowanieokien.pl\/wp-content\/uploads\/2020\/05\/wnetrze_05.jpg 297w, https:\/\/dekorowanieokien.pl\/wp-content\/uploads\/2020\/05\/wnetrze_05-150x107.jpg 150w\" sizes=\"auto, (max-width: 297px) 100vw, 297px\" \/><\/figure>\r\n<\/li>\r\n<li class=\"blocks-gallery-item\">\r\n<figure><img loading=\"lazy\" decoding=\"async\" width=\"297\" height=\"212\" class=\"wp-image-2569\" src=\"http:\/\/dekorowanieokien.pl\/wp-content\/uploads\/2020\/05\/wnetrze_04.jpg\" alt=\"\" data-id=\"2569\" data-link=\"http:\/\/dekorowanieokien.pl\/?attachment_id=2569\" srcset=\"https:\/\/dekorowanieokien.pl\/wp-content\/uploads\/2020\/05\/wnetrze_04.jpg 297w, https:\/\/dekorowanieokien.pl\/wp-content\/uploads\/2020\/05\/wnetrze_04-150x107.jpg 150w\" sizes=\"auto, (max-width: 297px) 100vw, 297px\" \/><\/figure>\r\n<\/li>\r\n<\/ul>\r\n<\/figure>\r\n","protected":false},"excerpt":{"rendered":"<p>Ubieramy okna na miar\u0119 od 2000 roku. Od tego czasu istnieje nasza firma, specjalizuj\u0105c si\u0119 w dekorowaniu okien i wn\u0119trz. Przez ca\u0142y ten okres doradzamy Naszym Klientom przy wyborze projekt\u00f3w do domu, biura, kawiarni, restauracji, hoteli, szk\u00f3\u0142, instytucji publicznych, itp. S\u0142u\u017cymy pomoc\u0105 w zaprojektowaniu oraz uszyciu na miar\u0119 dowolnej i praktycznej dekoracji sk\u0142adaj\u0105cej si\u0119 z [&hellip;]<\/p>\n","protected":false},"author":2,"featured_media":0,"parent":0,"menu_order":0,"comment_status":"closed","ping_status":"open","template":"","meta":{"ngg_post_thumbnail":0,"footnotes":""},"class_list":["post-439","page","type-page","status-publish","hentry"],"_links":{"self":[{"href":"https:\/\/dekorowanieokien.pl\/index.php?rest_route=\/wp\/v2\/pages\/439","targetHints":{"allow":["GET"]}}],"collection":[{"href":"https:\/\/dekorowanieokien.pl\/index.php?rest_route=\/wp\/v2\/pages"}],"about":[{"href":"https:\/\/dekorowanieokien.pl\/index.php?rest_route=\/wp\/v2\/types\/page"}],"author":[{"embeddable":true,"href":"https:\/\/dekorowanieokien.pl\/index.php?rest_route=\/wp\/v2\/users\/2"}],"replies":[{"embeddable":true,"href":"https:\/\/dekorowanieokien.pl\/index.php?rest_route=%2Fwp%2Fv2%2Fcomments&post=439"}],"version-history":[{"count":2,"href":"https:\/\/dekorowanieokien.pl\/index.php?rest_route=\/wp\/v2\/pages\/439\/revisions"}],"predecessor-version":[{"id":4152,"href":"https:\/\/dekorowanieokien.pl\/index.php?rest_route=\/wp\/v2\/pages\/439\/revisions\/4152"}],"wp:attachment":[{"href":"https:\/\/dekorowanieokien.pl\/index.php?rest_route=%2Fwp%2Fv2%2Fmedia&parent=439"}],"curies":[{"name":"wp","href":"https:\/\/api.w.org\/{rel}","templated":true}]}}