{"id":4137,"date":"2024-10-19T11:48:50","date_gmt":"2024-10-19T09:48:50","guid":{"rendered":"http:\/\/dekorowanieokien.pl\/?page_id=4137"},"modified":"2024-10-19T12:47:39","modified_gmt":"2024-10-19T10:47:39","slug":"listwy-karniszowe-sufitowe-przypodlogowe-scienne","status":"publish","type":"page","link":"https:\/\/dekorowanieokien.pl\/?page_id=4137","title":{"rendered":"LISTWY KARNISZOWE, SUFITOWE, PRZYPOD\u0141OGOWE, \u015aCIENNE"},"content":{"rendered":"<p><img loading=\"lazy\" decoding=\"async\" class=\"size-full wp-image-4139 aligncenter\" src=\"http:\/\/dekorowanieokien.pl\/wp-content\/uploads\/2024\/10\/LK_01.jpg\" alt=\"\" width=\"1900\" height=\"902\" srcset=\"https:\/\/dekorowanieokien.pl\/wp-content\/uploads\/2024\/10\/LK_01.jpg 1900w, https:\/\/dekorowanieokien.pl\/wp-content\/uploads\/2024\/10\/LK_01-300x142.jpg 300w, https:\/\/dekorowanieokien.pl\/wp-content\/uploads\/2024\/10\/LK_01-1024x486.jpg 1024w, https:\/\/dekorowanieokien.pl\/wp-content\/uploads\/2024\/10\/LK_01-150x71.jpg 150w, https:\/\/dekorowanieokien.pl\/wp-content\/uploads\/2024\/10\/LK_01-768x365.jpg 768w, https:\/\/dekorowanieokien.pl\/wp-content\/uploads\/2024\/10\/LK_01-1536x729.jpg 1536w\" sizes=\"auto, (max-width: 1900px) 100vw, 1900px\" \/><\/p>\n<p>STRONA W PRZYGOTOWANIU<\/p>\n<p>\u017beby dowiedzie\u0107 si\u0119 wi\u0119cej lub \u017ceby zam\u00f3wi\u0107 pomiar&nbsp;<a href=\"http:\/\/dekorowanieokien.pl\/?page_id=2294\">napisz do nas lub zadzwo\u0144<\/a>.<\/p>\n","protected":false},"excerpt":{"rendered":"<p>STRONA W PRZYGOTOWANIU \u017beby dowiedzie\u0107 si\u0119 wi\u0119cej lub \u017ceby zam\u00f3wi\u0107 pomiar&nbsp;napisz do nas lub zadzwo\u0144.<\/p>\n","protected":false},"author":5,"featured_media":0,"parent":0,"menu_order":0,"comment_status":"closed","ping_status":"closed","template":"","meta":{"ngg_post_thumbnail":0,"footnotes":""},"class_list":["post-4137","page","type-page","status-publish","hentry"],"_links":{"self":[{"href":"https:\/\/dekorowanieokien.pl\/index.php?rest_route=\/wp\/v2\/pages\/4137","targetHints":{"allow":["GET"]}}],"collection":[{"href":"https:\/\/dekorowanieokien.pl\/index.php?rest_route=\/wp\/v2\/pages"}],"about":[{"href":"https:\/\/dekorowanieokien.pl\/index.php?rest_route=\/wp\/v2\/types\/page"}],"author":[{"embeddable":true,"href":"https:\/\/dekorowanieokien.pl\/index.php?rest_route=\/wp\/v2\/users\/5"}],"replies":[{"embeddable":true,"href":"https:\/\/dekorowanieokien.pl\/index.php?rest_route=%2Fwp%2Fv2%2Fcomments&post=4137"}],"version-history":[{"count":2,"href":"https:\/\/dekorowanieokien.pl\/index.php?rest_route=\/wp\/v2\/pages\/4137\/revisions"}],"predecessor-version":[{"id":4155,"href":"https:\/\/dekorowanieokien.pl\/index.php?rest_route=\/wp\/v2\/pages\/4137\/revisions\/4155"}],"wp:attachment":[{"href":"https:\/\/dekorowanieokien.pl\/index.php?rest_route=%2Fwp%2Fv2%2Fmedia&parent=4137"}],"curies":[{"name":"wp","href":"https:\/\/api.w.org\/{rel}","templated":true}]}}