{"id":3915,"date":"2023-02-18T16:44:17","date_gmt":"2023-02-18T14:44:17","guid":{"rendered":"http:\/\/dekorowanieokien.pl\/?page_id=3915"},"modified":"2023-02-18T16:44:17","modified_gmt":"2023-02-18T14:44:17","slug":"polityka-prywatnosci","status":"publish","type":"page","link":"https:\/\/dekorowanieokien.pl\/?page_id=3915","title":{"rendered":"Polityka prywatno\u015bci"},"content":{"rendered":"<p>Poni\u017csza Polityka prywatno\u015bci ma na celu poinformowanie o sposobie wykorzystywania przez <strong>Coza Studio<\/strong> Twoich danych osobowych, wzgl\u0119dem kt\u00f3rych spe\u0142niamy wszystkie wymogi Rozporz\u0105dzenia Parlamentu Europejskiego i Rady (UE) 2016\/679 UE z dnia 27 kwietnia 2016 r. (dalej jako: \u201e<a href=\"https:\/\/gdpr.pl\/baza-wiedzy\/akty-prawne\/interaktywny-tekst-gdpr\">RODO<\/a>\u201d).<\/p>\n<h3>Administrator danych osobowych<\/h3>\n<p>Administratorem Twoich danych osobowych w rozumieniu RODO, jest Maciej Koz\u0142owski, prowadz\u0105cy dzia\u0142alno\u015b\u0107 gospodarcz\u0105 pod firm\u0105 <span style=\"color: #000000;\">Coza Studio Maciej Koz\u0142owski<\/span> z siedzib\u0105 w Legionowie 05-120 przy ul. Suwalnej 10 lok. 16. Adres do korespondencji 05-119 \u0141asjki ul. Pogodna 6. <span style=\"color: #ff0000;\"><span style=\"color: #000000;\">W sprawach dotycz\u0105cych ochrony danych osobowych mo\u017cna si\u0119 skontaktowa\u0107 z administratorem tak\u017ce za po\u015brednictwem adresu email: coza@coza.pl<\/span><\/span><\/p>\n<h3>Cele i podstawy prawne przetwarzania danych<\/h3>\n<p>Twoje dane osobowe mog\u0105 by\u0107 przetwarzane w celu:<\/p>\n<ul>\n<li>udzielenia odpowiedzi na przes\u0142ane zapytanie drog\u0105 mailow\u0105. Przetwarzanie odbywa si\u0119 w\u00f3wczas na podstawie Twojej zgody \u2013 tj. na podstawie art. 6 ust. 1 lit. a) RODO;<\/li>\n<li>realizacji umowy lub podj\u0119cia dzia\u0142a\u0144 przed jej zawarciem (art. 6 ust. 1 lit. b RODO), odr\u0119bnie dla celu:<br \/>\n(i) wys\u0142ania wyceny,<br \/>\n(ii) odpowiadania na wiadomo\u015bci\/zapytania,<br \/>\n(iii) obs\u0142ugi zam\u00f3wie\u0144,<br \/>\n(iv) wysy\u0142ki towaru,<br \/>\n(v) wystawienia faktur;<\/li>\n<\/ul>\n<h3>Okres przechowywania danych osobowych<\/h3>\n<p>&nbsp;Twoje dane osobowe b\u0119d\u0105 przetwarzane wy\u0142\u0105cznie przez czas niezb\u0119dny do osi\u0105gni\u0119cia celu przetwarzania lub do czasu cofni\u0119cia zgody. Twoje dane osobowe nie b\u0119d\u0105 profilowane ani poddane zautomatyzowanemu przetwarzaniu przez <strong>Coza Studio<\/strong>.<\/p>\n<h3>Przekazywanie danych osobowych<\/h3>\n<p>Twoje dane osobowe mog\u0105 by\u0107 udost\u0119pnione do firmy informatycznej w zakresie niezb\u0119dnym do obs\u0142ugi moich system\u00f3w informatycznych oraz do firmy ksi\u0119gowej.<\/p>\n<h3>Przys\u0142uguj\u0105ce prawa<\/h3>\n<p>Pami\u0119taj, \u017ce w dowolnym momencie bez podania przyczyny mo\u017cesz cofn\u0105\u0107 swoj\u0105 zgod\u0119. Wystarczy, \u017ce napiszesz do mnie na adres mailowy: coza@coza.pl o tre\u015bci: \u201eCofam udzielon\u0105 zgod\u0119 na przetwarzanie moich danych osobowych do rozpatrywania zapyta\u0144 drog\u0105 mailow\u0105\u201d. Cofni\u0119cie zgody nie ma wp\u0142ywu na zgodno\u015b\u0107 z prawem przetwarzania Twoich danych osobowych, kt\u00f3rych dokonali\u015bmy przed jej cofni\u0119ciem.<\/p>\n<p>Masz prawo do \u017c\u0105dania dost\u0119pu do swoich danych osobowych, prawo do ich sprostowania, usuni\u0119cia lub ograniczenia przetwarzania, a tak\u017ce prawo do \u017c\u0105dania przeniesienia danych osobowych do innego administratora danych osobowych. W celu skorzystania z powy\u017cszych praw wystarczy, \u017ce napiszesz do mnie na adres mailowy: coza@coza.pl. Masz r\u00f3wnie\u017c prawo do wniesienia skargi do Prezesa Urz\u0119du Ochrony Danych Osobowych, je\u017celi uznasz, \u017ce przetwarzanie Twoich danych osobowych narusza przepisy RODO.<\/p>\n<h3>Pliki cookies<\/h3>\n<p><strong>Coza Studio <\/strong>na swoich stronach internetowych wykorzystuje pliki cookies. Je\u015bli korzystacie Pa\u0144stwo z nich bez zmiany ustawie\u0144 Waszej przegl\u0105darki, przyjmujemy, \u017ce wyra\u017cacie zgod\u0119 na u\u017cycie tych plik\u00f3w. W ka\u017cdym momencie jednak mo\u017cecie Pa\u0144stwo zmieni\u0107 ustawienia przegl\u0105darki decyduj\u0105ce o tym u\u017cyciu.<\/p>\n<p>Niniejsza polityka plik\u00f3w cookies odnosi si\u0119 do wszystkich witryn internetowych nale\u017c\u0105cych do <strong>Coza Studio.<\/strong><\/p>\n<p>Cookies to niewielkie pliki tekstowe wysy\u0142ane przez witryn\u0119 internetow\u0105 do urz\u0105dzenia internauty i na nim zapisywane. Zawieraj\u0105 nazw\u0119 domeny, z kt\u00f3rej pochodz\u0105, okre\u015blon\u0105 przez w\u0142a\u015bciciela witryny warto\u015b\u0107 oraz czas przechowywania na urz\u0105dzeniu u\u017cytkownika.<\/p>\n<p>Wyr\u00f3\u017cniamy dwa typy plik\u00f3w cookies:<\/p>\n<ol>\n<li style=\"list-style-type: none;\">\n<ol>\n<li style=\"list-style-type: none;\">\n<ul>\n<li>sesyjne, kt\u00f3re pozostaj\u0105 na urz\u0105dzeniu u\u017cytkownika do momentu zamkni\u0119cia przez niego przegl\u0105darki (usuni\u0119cia jej z pami\u0119ci operacyjnej urz\u0105dzenia);<\/li>\n<li>trwa\u0142e, kt\u00f3re pozostaj\u0105 na urz\u0105dzeniu u\u017cytkownika przez czas okre\u015blony przez w\u0142a\u015bciciela witryny lub do momentu ich skasowania przez u\u017cytkownika.<\/li>\n<\/ul>\n<\/li>\n<\/ol>\n<\/li>\n<\/ol>\n<p>Pliki cookies s\u0105 wykorzystywane w witrynach nale\u017c\u0105cych do <strong>Coza Studio <\/strong>wy\u0142\u0105cznie do nast\u0119puj\u0105cych cel\u00f3w:<\/p>\n<ol>\n<li style=\"list-style-type: none;\">\n<ol>\n<li style=\"list-style-type: none;\">\n<ul>\n<li>umo\u017cliwienie logowania do sekcji chronionych has\u0142em, przeznaczonych dla wybranych grup u\u017cytkownik\u00f3w (np. partner\u00f3w handlowych firmy);<\/li>\n<li>uzale\u017cnienie sposobu prezentacji wybranych element\u00f3w witryn od decyzji u\u017cytkownik\u00f3w;<\/li>\n<li>wy\u015bwietlania specjalnych komunikat\u00f3w informacyjnych i reklamowych;<\/li>\n<li>prowadzenia statystyk odwiedzin, czyli pozyskiwania anonimowych danych dotycz\u0105cych sposobu, w jaki u\u017cytkownicy korzystaj\u0105 z witryn.<\/li>\n<\/ul>\n<\/li>\n<\/ol>\n<\/li>\n<\/ol>\n<p>Pliki cookies u\u017cywane s\u0105 r\u00f3wnie\u017c przez podmiot wsp\u00f3\u0142pracuj\u0105cy z <strong>Coza Studio<\/strong>, tj.&nbsp;Google Inc.&nbsp;z siedzib\u0105 w 1600 Amphitheatre Parkway, Mountain View, USA. Wykorzystujemy us\u0142ugi Google Analytics, kt\u00f3re posiadaj\u0105 w\u0142asne regulacje dotycz\u0105ce polityki prywatno\u015bci:<\/p>\n<ol>\n<li style=\"list-style-type: none;\">\n<ol>\n<li style=\"list-style-type: none;\">\n<ul>\n<li><a href=\"http:\/\/www.google.pl\/intl\/pl\/analytics\/privacyoverview.html\">Polityka prywatno\u015bci Google Analytics<\/a><\/li>\n<li><a href=\"http:\/\/www.google.pl\/intl\/pl\/policies\/privacy\/\">Polityka prywatno\u015bci Google<\/a><\/li>\n<\/ul>\n<\/li>\n<\/ol>\n<\/li>\n<\/ol>\n<p>Wszystkie nowoczesne przegl\u0105darki pozwalaj\u0105 na kontrol\u0119 dzia\u0142ania mechanizmu cookies, w\u0142\u0105cznie z jego ca\u0142kowitym wy\u0142\u0105czeniem.<\/p>\n<p>Informacje na temat ustawie\u0144 cookies w najpopularniejszych przegl\u0105darkach dla komputer\u00f3w osobistych oraz urz\u0105dze\u0144 mobilnych (smartfon\u00f3w, tablet\u00f3w itp.) dost\u0119pne s\u0105 stronach ich producent\u00f3w:<\/p>\n<ul>\n<li style=\"list-style-type: none;\">\n<ul>\n<li><a href=\"http:\/\/support.mozilla.org\/pl\/kb\/W%C5%82%C4%85czanie%20i%20wy%C5%82%C4%85czanie%20obs%C5%82ugi%20ciasteczek\">Mozilla Firefox<\/a>,<\/li>\n<li><a href=\"http:\/\/support.google.com\/chrome\/bin\/answer.py?hl=pl&amp;answer=95647\">Google Chrome<\/a>&nbsp;dla system\u00f3w Android i Windows,<\/li>\n<li><a href=\"http:\/\/support.microsoft.com\/kb\/196955\/pl\">Microsoft Internet Explorer<\/a>&nbsp;dla Windows,<\/li>\n<li><a href=\"http:\/\/help.opera.com\/Windows\/12.10\/pl\/cookies.html\">Opera<\/a>,<\/li>\n<li><a href=\"http:\/\/support.apple.com\/kb\/HT1677?viewlocale=pl_PL\">Apple Safari<\/a>&nbsp;dla iOS,<\/li>\n<li><a href=\"http:\/\/www.windowsphone.com\/pl-pl\/how-to\/wp7\/web\/changing-privacy-and-other-browser-settings\">Microsoft Internet Explorer Mobile<\/a>&nbsp;dla Windows Phone.<\/li>\n<\/ul>\n<\/li>\n<\/ul>\n","protected":false},"excerpt":{"rendered":"<p>Poni\u017csza Polityka prywatno\u015bci ma na celu poinformowanie o sposobie wykorzystywania przez Coza Studio Twoich danych osobowych, wzgl\u0119dem kt\u00f3rych spe\u0142niamy wszystkie wymogi Rozporz\u0105dzenia Parlamentu Europejskiego i Rady (UE) 2016\/679 UE z dnia 27 kwietnia 2016 r. (dalej jako: \u201eRODO\u201d). Administrator danych osobowych Administratorem Twoich danych osobowych w rozumieniu RODO, jest Maciej Koz\u0142owski, prowadz\u0105cy dzia\u0142alno\u015b\u0107 gospodarcz\u0105 pod [&hellip;]<\/p>\n","protected":false},"author":2,"featured_media":0,"parent":0,"menu_order":0,"comment_status":"closed","ping_status":"closed","template":"","meta":{"ngg_post_thumbnail":0,"footnotes":""},"class_list":["post-3915","page","type-page","status-publish","hentry"],"_links":{"self":[{"href":"https:\/\/dekorowanieokien.pl\/index.php?rest_route=\/wp\/v2\/pages\/3915","targetHints":{"allow":["GET"]}}],"collection":[{"href":"https:\/\/dekorowanieokien.pl\/index.php?rest_route=\/wp\/v2\/pages"}],"about":[{"href":"https:\/\/dekorowanieokien.pl\/index.php?rest_route=\/wp\/v2\/types\/page"}],"author":[{"embeddable":true,"href":"https:\/\/dekorowanieokien.pl\/index.php?rest_route=\/wp\/v2\/users\/2"}],"replies":[{"embeddable":true,"href":"https:\/\/dekorowanieokien.pl\/index.php?rest_route=%2Fwp%2Fv2%2Fcomments&post=3915"}],"version-history":[{"count":2,"href":"https:\/\/dekorowanieokien.pl\/index.php?rest_route=\/wp\/v2\/pages\/3915\/revisions"}],"predecessor-version":[{"id":3934,"href":"https:\/\/dekorowanieokien.pl\/index.php?rest_route=\/wp\/v2\/pages\/3915\/revisions\/3934"}],"wp:attachment":[{"href":"https:\/\/dekorowanieokien.pl\/index.php?rest_route=%2Fwp%2Fv2%2Fmedia&parent=3915"}],"curies":[{"name":"wp","href":"https:\/\/api.w.org\/{rel}","templated":true}]}}