{"id":2735,"date":"2020-05-16T19:55:30","date_gmt":"2020-05-16T17:55:30","guid":{"rendered":"http:\/\/dekorowanieokien.pl\/?page_id=2735"},"modified":"2025-05-10T12:53:48","modified_gmt":"2025-05-10T10:53:48","slug":"start","status":"publish","type":"page","link":"https:\/\/dekorowanieokien.pl\/","title":{"rendered":"START"},"content":{"rendered":"\r\n<figure class=\"wp-block-image alignfull size-large\"><img loading=\"lazy\" decoding=\"async\" width=\"624\" height=\"227\" class=\"wp-image-1982\" src=\"wp-content\/uploads\/2010\/05\/firany_22_8-1.jpg\" alt=\"\" srcset=\"https:\/\/dekorowanieokien.pl\/wp-content\/uploads\/2010\/05\/firany_22_8-1.jpg 624w, https:\/\/dekorowanieokien.pl\/wp-content\/uploads\/2010\/05\/firany_22_8-1-150x55.jpg 150w, https:\/\/dekorowanieokien.pl\/wp-content\/uploads\/2010\/05\/firany_22_8-1-300x109.jpg 300w\" sizes=\"auto, (max-width: 624px) 100vw, 624px\" \/><\/figure>\r\n\r\n\r\n\r\n<h2 class=\"has-medium-font-size\"><span style=\"color: #f70fcd;\">UBIERAMY OKNA NA MIAR\u0118<\/span><\/h2>\r\n\r\n\r\n\r\n\r\n\r\n\r\n\r\n<div class=\"wp-block-columns are-vertically-aligned-center is-layout-flex wp-container-core-columns-is-layout-9d6595d7 wp-block-columns-is-layout-flex\">\r\n<div class=\"wp-block-column is-vertically-aligned-center is-layout-flow wp-block-column-is-layout-flow\">\r\n<figure class=\"wp-block-image size-large\"><a href=\"https:\/\/dekorowanieokien.pl\/?page_id=6\"> <img decoding=\"async\" class=\"wp-image-2589\" src=\"wp-content\/uploads\/2020\/05\/185_rolety-rzymskie.jpg\" alt=\"\"> <\/a>\r\n<figcaption>ROLETY RZYMSKIE<\/figcaption>\r\n<\/figure>\r\n\r\n\r\n\r\n<figure class=\"wp-block-image size-large\"><a href=\"https:\/\/dekorowanieokien.pl\/?page_id=980\"> <img loading=\"lazy\" decoding=\"async\" width=\"185\" height=\"185\" class=\"wp-image-2588\" src=\"wp-content\/uploads\/2020\/05\/185_dzien-noc.jpg\" alt=\"\"> <\/a>\r\n<figcaption>DZIE\u0143 i NOC<\/figcaption>\r\n<\/figure>\r\n\r\n\r\n\r\n<figure class=\"wp-block-image size-large\"><a href=\"https:\/\/dekorowanieokien.pl\/?page_id=877\"><img loading=\"lazy\" decoding=\"async\" width=\"185\" height=\"185\" class=\"wp-image-2628\" src=\"wp-content\/uploads\/2020\/05\/185_plisy.jpg\" alt=\"\"><\/a>\r\n<figcaption>PLISY<\/figcaption>\r\n<\/figure>\r\n<\/div>\r\n\r\n\r\n\r\n<div class=\"wp-block-column is-vertically-aligned-center is-layout-flow wp-block-column-is-layout-flow\">\r\n<figure class=\"wp-block-image size-large\"><a href=\"https:\/\/dekorowanieokien.pl\/?page_id=3\"> <img decoding=\"async\" class=\"wp-image-2885\" src=\"wp-content\/uploads\/2020\/05\/185_firany.jpg\" alt=\"\"> <\/a>\r\n<figcaption>FIRANY i ZAS\u0141ONY<\/figcaption>\r\n<\/figure>\r\n\r\n\r\n\r\n<figure class=\"wp-block-image size-large\"><a href=\"https:\/\/dekorowanieokien.pl\/?page_id=880\"><img loading=\"lazy\" decoding=\"async\" width=\"185\" height=\"185\" class=\"wp-image-2589\" src=\"wp-content\/uploads\/2020\/05\/185_zaluzje-bambusowe-uchwyt1.jpg\" alt=\"\"><\/a>\r\n<figcaption>\u017bALUZJE<\/figcaption>\r\n<\/figure>\r\n\r\n\r\n\r\n<figure class=\"wp-block-image size-large\"><a href=\"https:\/\/dekorowanieokien.pl\/?page_id=873\"><img loading=\"lazy\" decoding=\"async\" width=\"185\" height=\"185\" class=\"wp-image-2629\" src=\"wp-content\/uploads\/2020\/05\/185_moskitiera.jpg\" alt=\"\"><\/a>\r\n<figcaption>MOSKITIERY<\/figcaption>\r\n<\/figure>\r\n<\/div>\r\n\r\n\r\n\r\n<div class=\"wp-block-column is-vertically-aligned-center is-layout-flow wp-block-column-is-layout-flow\">\r\n<figure class=\"wp-block-image size-large\"><a href=\"https:\/\/dekorowanieokien.pl\/?page_id=7\"> <img decoding=\"async\" class=\"wp-image-2886\" src=\"wp-content\/uploads\/2020\/05\/185_karnisze.jpg\" alt=\"\"> <\/a>\r\n<figcaption>KARNISZE<\/figcaption>\r\n<\/figure>\r\n\r\n\r\n\r\n<figure class=\"wp-block-image size-large\"><a href=\"https:\/\/dekorowanieokien.pl\/?page_id=570\"><img decoding=\"async\" class=\"wp-image-2625\" src=\"wp-content\/uploads\/2020\/05\/185_dodatki.jpg\" alt=\"\"> <\/a>\r\n<figcaption>DODATKI<\/figcaption>\r\n<\/figure>\r\n\r\n\r\n\r\n<figure class=\"wp-block-image size-large\"><a href=\"https:\/\/dekorowanieokien.pl\/?page_id=777\"><img loading=\"lazy\" decoding=\"async\" width=\"185\" height=\"185\" class=\"wp-image-2630\" src=\"wp-content\/uploads\/2020\/05\/185_roleta-kaseta.jpg\" alt=\"\"> <\/a>\r\n<figcaption>ROLETY W KASECIE<\/figcaption>\r\n<\/figure>\r\n<\/div>\r\n<\/div>\r\n\r\n\r\n\r\n<div class=\"wp-block-media-text alignwide is-stacked-on-mobile\">\r\n<figure class=\"wp-block-media-text__media\"><img loading=\"lazy\" decoding=\"async\" width=\"500\" height=\"316\" class=\"wp-image-2598 size-full\" src=\"wp-content\/uploads\/2010\/05\/maseczka-500x1024.jpg\" alt=\"\" srcset=\"https:\/\/dekorowanieokien.pl\/wp-content\/uploads\/2010\/05\/maseczka-500x1024.jpg 500w, https:\/\/dekorowanieokien.pl\/wp-content\/uploads\/2010\/05\/maseczka-500x1024-150x95.jpg 150w, https:\/\/dekorowanieokien.pl\/wp-content\/uploads\/2010\/05\/maseczka-500x1024-300x190.jpg 300w\" sizes=\"auto, (max-width: 500px) 100vw, 500px\" \/><\/figure>\r\n<div class=\"wp-block-media-text__content\">\r\n<p class=\"has-large-font-size\"><span class=\"has-inline-color\" style=\"color: #ff048a;\">Nowo\u015b\u0107<\/span> &#8211; maseczki<\/p>\r\n\r\n\r\n\r\n<p>Maseczki wielokrotnego u\u017cytku.<br>Dwuwarstwowe z kieszonk\u0105 na filtr.<br>Dla doros\u0142ych i dla dzieci.<br>Tkanina: bawe\u0142na. R\u00f3\u017cne wzory.<br>Mo\u017cliwo\u015b\u0107 wysy\u0142ki kurierem lub do paczkomatu.<\/p>\r\n\r\n\r\n\r\n<p>&nbsp;<\/p>\r\n<\/div>\r\n<\/div>\r\n\r\n\r\n\r\n<div class=\"wp-block-spacer\" style=\"height: 20px;\" aria-hidden=\"true\">&nbsp;<\/div>\r\n\r\n\r\n\r\n<p class=\"has-text-align-center\">Masz pytania?<br>Zadzwo\u0144 do nas: tel. 601 362 500 lub <a href=\"https:\/\/dekorowanieokien.pl\/?page_id=99\">napisz<\/a><\/p>\r\n\r\n\r\n\r\n<div class=\"wp-block-image\">\r\n<figure class=\"aligncenter size-large is-resized\"><a href=\"https:\/\/coza.pl\/?page_id=99\"><img loading=\"lazy\" decoding=\"async\" class=\"alignnone wp-image-2900\" src=\"https:\/\/coza.pl\/wp-content\/uploads\/2020\/05\/coza_logo_poziome.png\" alt=\"\" width=\"317\" height=\"66\" srcset=\"https:\/\/dekorowanieokien.pl\/wp-content\/uploads\/2020\/05\/coza_logo_poziome.png 423w, https:\/\/dekorowanieokien.pl\/wp-content\/uploads\/2020\/05\/coza_logo_poziome-300x62.png 300w, https:\/\/dekorowanieokien.pl\/wp-content\/uploads\/2020\/05\/coza_logo_poziome-150x31.png 150w\" sizes=\"auto, (max-width: 317px) 100vw, 317px\" \/><\/a><\/figure>\r\n<\/div>\r\n","protected":false},"excerpt":{"rendered":"<p>UBIERAMY OKNA NA MIAR\u0118 ROLETY RZYMSKIE DZIE\u0143 i NOC PLISY FIRANY i ZAS\u0141ONY \u017bALUZJE MOSKITIERY KARNISZE DODATKI ROLETY W KASECIE Nowo\u015b\u0107 &#8211; maseczki Maseczki wielokrotnego u\u017cytku.Dwuwarstwowe z kieszonk\u0105 na filtr.Dla doros\u0142ych i dla dzieci.Tkanina: bawe\u0142na. R\u00f3\u017cne wzory.Mo\u017cliwo\u015b\u0107 wysy\u0142ki kurierem lub do paczkomatu. &nbsp; Masz pytania?Zadzwo\u0144 do nas: tel. 601 362 500 lub napisz<\/p>\n","protected":false},"author":5,"featured_media":0,"parent":0,"menu_order":-1,"comment_status":"closed","ping_status":"closed","template":"","meta":{"ngg_post_thumbnail":0,"footnotes":""},"class_list":["post-2735","page","type-page","status-publish","hentry"],"_links":{"self":[{"href":"https:\/\/dekorowanieokien.pl\/index.php?rest_route=\/wp\/v2\/pages\/2735","targetHints":{"allow":["GET"]}}],"collection":[{"href":"https:\/\/dekorowanieokien.pl\/index.php?rest_route=\/wp\/v2\/pages"}],"about":[{"href":"https:\/\/dekorowanieokien.pl\/index.php?rest_route=\/wp\/v2\/types\/page"}],"author":[{"embeddable":true,"href":"https:\/\/dekorowanieokien.pl\/index.php?rest_route=\/wp\/v2\/users\/5"}],"replies":[{"embeddable":true,"href":"https:\/\/dekorowanieokien.pl\/index.php?rest_route=%2Fwp%2Fv2%2Fcomments&post=2735"}],"version-history":[{"count":2,"href":"https:\/\/dekorowanieokien.pl\/index.php?rest_route=\/wp\/v2\/pages\/2735\/revisions"}],"predecessor-version":[{"id":4197,"href":"https:\/\/dekorowanieokien.pl\/index.php?rest_route=\/wp\/v2\/pages\/2735\/revisions\/4197"}],"wp:attachment":[{"href":"https:\/\/dekorowanieokien.pl\/index.php?rest_route=%2Fwp%2Fv2%2Fmedia&parent=2735"}],"curies":[{"name":"wp","href":"https:\/\/api.w.org\/{rel}","templated":true}]}}