{"id":2294,"date":"2023-02-16T12:24:13","date_gmt":"2023-02-16T10:24:13","guid":{"rendered":"http:\/\/dekorowanieokien.pl\/?page_id=2294"},"modified":"2025-05-10T12:19:36","modified_gmt":"2025-05-10T10:19:36","slug":"kontakt","status":"publish","type":"page","link":"https:\/\/dekorowanieokien.pl\/?page_id=2294","title":{"rendered":"KONTAKT"},"content":{"rendered":"\r\n<h3 class=\"wp-block-spacer wp-block-heading\" aria-hidden=\"true\"><span style=\"color: #ff00ff;\">&nbsp;<\/span><\/h3>\r\n\r\n\r\n\r\n<h2><a href=\"https:\/\/coza.pl\/?attachment_id=730\" rel=\"attachment wp-att-730\"><img loading=\"lazy\" decoding=\"async\" id=\"exifviewer-img-2\" class=\"aligncenter size-full wp-image-730\" title=\"sklep\" src=\"wp-content\/uploads\/2010\/05\/sklep.jpg\" alt=\"\" width=\"1000\" height=\"227\"><\/a><\/h2>\r\n\r\n\r\n\r\n\r\n\r\n<div class=\"wp-block-group\"><div class=\"wp-block-group__inner-container is-layout-flow wp-block-group-is-layout-flow\">\r\n<div class=\"wp-block-columns is-layout-flex wp-container-core-columns-is-layout-9d6595d7 wp-block-columns-is-layout-flex\">\r\n<div class=\"wp-block-column is-layout-flow wp-block-column-is-layout-flow\" style=\"flex-basis: 33.34%;\">\r\n<p><strong>STUDIO DEKOROWANIA OKIEN<br><\/strong>Legionowo 05-120<br>ul. Suwalna 10<\/p>\r\n\r\n\r\n\r\n<p><strong>GODZINY OTWARCIA<br><\/strong>Poniedzia\u0142ek &#8211; Pi\u0105tek<br>10.00 &#8211; 18.00<br>Sobota<br>10.00 &#8211; 13.00<\/p>\r\n\r\n\r\n\r\n<p><strong>KONTAKT<\/strong><\/p>\r\n\r\n\r\n\r\n<h4 class=\"wp-block-heading\">Katarzyna Koz\u0142owska<br>tel: 601 362 500<\/h4>\r\n\r\n\r\n\r\n<p>Maciej Koz\u0142owski<br>tel: 601 362 925<br>lub<br>przez formularz zamieszczony obok &gt;&nbsp;<\/p>\r\n<\/div>\r\n\r\n\r\n\r\n<div class=\"wp-block-column is-layout-flow wp-block-column-is-layout-flow\" style=\"flex-basis: 66.66%;\">\r\n<div class=\"wpforms-container wpforms-container-full\" id=\"wpforms-3901\"><form id=\"wpforms-form-3901\" class=\"wpforms-validate wpforms-form wpforms-ajax-form\" data-formid=\"3901\" method=\"post\" enctype=\"multipart\/form-data\" action=\"\/index.php?rest_route=%2Fwp%2Fv2%2Fpages%2F2294\" data-token=\"6fb1b83aa041d998f045de900c2a3225\" data-token-time=\"1777624063\"><noscript class=\"wpforms-error-noscript\">Aby wype\u0142ni\u0107 ten formularz, w\u0142\u0105cz obs\u0142ug\u0119 JavaScript w przegl\u0105darce.<\/noscript><div class=\"wpforms-field-container\"><div id=\"wpforms-3901-field_0-container\" class=\"wpforms-field wpforms-field-name\" data-field-id=\"0\"><label class=\"wpforms-field-label\" for=\"wpforms-3901-field_0\">Twoje imi\u0119 <span class=\"wpforms-required-label\">*<\/span><\/label><input type=\"text\" id=\"wpforms-3901-field_0\" class=\"wpforms-field-medium wpforms-field-required\" name=\"wpforms[fields][0]\" required><\/div><div id=\"wpforms-3901-field_1-container\" class=\"wpforms-field wpforms-field-email\" data-field-id=\"1\"><label class=\"wpforms-field-label\" for=\"wpforms-3901-field_1\">Tw\u00f3j email <span class=\"wpforms-required-label\">*<\/span><\/label><input type=\"email\" id=\"wpforms-3901-field_1\" class=\"wpforms-field-medium wpforms-field-required\" name=\"wpforms[fields][1]\" spellcheck=\"false\" required><\/div><div id=\"wpforms-3901-field_7-container\" class=\"wpforms-field wpforms-field-text\" data-field-id=\"7\"><label class=\"wpforms-field-label\" for=\"wpforms-3901-field_7\">Temat wiadomo\u015bci <span class=\"wpforms-required-label\">*<\/span><\/label><input type=\"text\" id=\"wpforms-3901-field_7\" class=\"wpforms-field-medium wpforms-field-required\" name=\"wpforms[fields][7]\" required><\/div><div id=\"wpforms-3901-field_2-container\" class=\"wpforms-field wpforms-field-textarea\" data-field-id=\"2\"><label class=\"wpforms-field-label\" for=\"wpforms-3901-field_2\">Twoja wiadomo\u015b\u0107 <span class=\"wpforms-required-label\">*<\/span><\/label><textarea id=\"wpforms-3901-field_2\" class=\"wpforms-field-small wpforms-field-required\" name=\"wpforms[fields][2]\" required><\/textarea><\/div><div id=\"wpforms-3901-field_5-container\" class=\"wpforms-field wpforms-field-checkbox\" data-field-id=\"5\"><ul id=\"wpforms-3901-field_5\" class=\"wpforms-field-required\"><li class=\"choice-1 depth-1\"><input type=\"checkbox\" id=\"wpforms-3901-field_5_1\" name=\"wpforms[fields][5][]\" value=\"Zapozna\u0142am\/em si\u0119 z &lt;a href=&quot; http:\/\/dekorowanieokien.pl\/?page_id=3915&quot;&gt; polityk\u0105 prywatno\u015bci &lt;\/a&gt;\" required ><label class=\"wpforms-field-label-inline\" for=\"wpforms-3901-field_5_1\">Zapozna\u0142am\/em si\u0119 z <a href=\"http:\/\/dekorowanieokien.pl\/?page_id=3915\"> polityk\u0105 prywatno\u015bci <\/a><\/label><\/li><\/ul><\/div><div id=\"wpforms-3901-field_6-container\" class=\"wpforms-field wpforms-field-checkbox\" data-field-id=\"6\"><ul id=\"wpforms-3901-field_6\" class=\"wpforms-field-required\"><li class=\"choice-1 depth-1\"><input type=\"checkbox\" id=\"wpforms-3901-field_6_1\" name=\"wpforms[fields][6][]\" value=\"Wyra\u017cam zgod\u0119 na przetwarzanie moich danych osobowych w celu udzielenia odpowiedzi na zadane pytanie\" required ><label class=\"wpforms-field-label-inline\" for=\"wpforms-3901-field_6_1\">Wyra\u017cam zgod\u0119 na przetwarzanie moich danych osobowych w celu udzielenia odpowiedzi na zadane pytanie<\/label><\/li><\/ul><\/div><\/div><!-- .wpforms-field-container --><div class=\"wpforms-recaptcha-container wpforms-is-recaptcha wpforms-is-recaptcha-type-v3\" ><input type=\"hidden\" name=\"wpforms[recaptcha]\" value=\"\"><\/div><div class=\"wpforms-submit-container\" ><input type=\"hidden\" name=\"wpforms[id]\" value=\"3901\"><input type=\"hidden\" name=\"page_title\" value=\"\"><input type=\"hidden\" name=\"page_url\" value=\"https:\/\/dekorowanieokien.pl\/index.php?rest_route=\/wp\/v2\/pages\/2294\"><input type=\"hidden\" name=\"url_referer\" value=\"\"><button type=\"submit\" name=\"wpforms[submit]\" id=\"wpforms-submit-3901\" class=\"wpforms-submit\" data-alt-text=\"Wysy\u0142am...\" data-submit-text=\"Wy\u015blij\" aria-live=\"assertive\" value=\"wpforms-submit\">Wy\u015blij<\/button><img loading=\"lazy\" decoding=\"async\" src=\"https:\/\/dekorowanieokien.pl\/wp-content\/plugins\/wpforms-lite\/assets\/images\/submit-spin.svg\" class=\"wpforms-submit-spinner\" style=\"display: none;\" width=\"26\" height=\"26\" alt=\"Wczytywanie\"><\/div><\/form><\/div>  <!-- .wpforms-container -->\r\n<\/div>\r\n<\/div>\r\n<\/div><\/div>\r\n\r\n\r\n\r\n<div class=\"wp-block-group\"><div class=\"wp-block-group__inner-container is-layout-flow wp-block-group-is-layout-flow\">\r\n<div class=\"wp-block-columns are-vertically-aligned-center is-layout-flex wp-container-core-columns-is-layout-9d6595d7 wp-block-columns-is-layout-flex\">\r\n<div class=\"wp-block-column is-vertically-aligned-center is-layout-flow wp-block-column-is-layout-flow\" style=\"flex-basis: 5%;\">&nbsp;<\/div>\r\n\r\n\r\n\r\n<div class=\"wp-block-column is-vertically-aligned-center is-layout-flow wp-block-column-is-layout-flow\" style=\"flex-basis: 93.4%;\"> <strong>MAPKA<\/strong>\r\n<p>&nbsp;<\/p>\r\n<p><iframe loading=\"lazy\" style=\"border: 0;\" tabindex=\"0\" src=\"https:\/\/www.google.com\/maps\/embed?pb=!1m18!1m12!1m3!1d1720.5754853848443!2d20.92593306967798!3d52.42006503464293!2m3!1f0!2f0!3f0!3m2!1i1024!2i768!4f13.1!3m3!1m2!1s0x471eb860622e4909%3A0xa4f4e07aec90a654!2sCoza%20Studio%20-%20Dekoracje%20okienne.!5e0!3m2!1spl!2spl!4v1590093730004!5m2!1spl!2spl\" width=\"1000\" height=\"450\" frameborder=\"0\" allowfullscreen=\"allowfullscreen\" aria-hidden=\"false\"><\/iframe><\/p>\r\n\r\n\r\n\r\n<p>&nbsp;<\/p>\r\n<\/div>\r\n\r\n\r\n\r\n<div class=\"wp-block-column is-vertically-aligned-center is-layout-flow wp-block-column-is-layout-flow\" style=\"flex-basis: 5%;\">&nbsp;<\/div>\r\n<\/div>\r\n<\/div><\/div>\r\n\r\n\r\n\r\n<p>&nbsp;<\/p>\r\n","protected":false},"excerpt":{"rendered":"<p>&nbsp; &nbsp;<\/p>\n","protected":false},"author":2,"featured_media":0,"parent":0,"menu_order":0,"comment_status":"closed","ping_status":"closed","template":"","meta":{"ngg_post_thumbnail":0,"footnotes":""},"class_list":["post-2294","page","type-page","status-publish","hentry"],"_links":{"self":[{"href":"https:\/\/dekorowanieokien.pl\/index.php?rest_route=\/wp\/v2\/pages\/2294","targetHints":{"allow":["GET"]}}],"collection":[{"href":"https:\/\/dekorowanieokien.pl\/index.php?rest_route=\/wp\/v2\/pages"}],"about":[{"href":"https:\/\/dekorowanieokien.pl\/index.php?rest_route=\/wp\/v2\/types\/page"}],"author":[{"embeddable":true,"href":"https:\/\/dekorowanieokien.pl\/index.php?rest_route=\/wp\/v2\/users\/2"}],"replies":[{"embeddable":true,"href":"https:\/\/dekorowanieokien.pl\/index.php?rest_route=%2Fwp%2Fv2%2Fcomments&post=2294"}],"version-history":[{"count":4,"href":"https:\/\/dekorowanieokien.pl\/index.php?rest_route=\/wp\/v2\/pages\/2294\/revisions"}],"predecessor-version":[{"id":4192,"href":"https:\/\/dekorowanieokien.pl\/index.php?rest_route=\/wp\/v2\/pages\/2294\/revisions\/4192"}],"wp:attachment":[{"href":"https:\/\/dekorowanieokien.pl\/index.php?rest_route=%2Fwp%2Fv2%2Fmedia&parent=2294"}],"curies":[{"name":"wp","href":"https:\/\/api.w.org\/{rel}","templated":true}]}}