{"id":1721,"date":"2014-03-28T11:15:53","date_gmt":"2014-03-28T09:15:53","guid":{"rendered":"http:\/\/dekorowanieokien.pl\/?page_id=1721"},"modified":"2023-05-17T20:43:29","modified_gmt":"2023-05-17T18:43:29","slug":"zaluzje-verticale","status":"publish","type":"page","link":"https:\/\/dekorowanieokien.pl\/?page_id=1721","title":{"rendered":"\u017bALUZJE VERTICALE"},"content":{"rendered":"<p><img loading=\"lazy\" decoding=\"async\" class=\"aligncenter size-full wp-image-1726\" src=\"http:\/\/dekorowanieokien.pl\/wp-content\/uploads\/2014\/03\/zaluzje-pionowe.jpg\" alt=\"zaluzje-pionowe\" width=\"624\" height=\"227\"><\/p>\n<h3>\u017baluzje pionowe Verticale, to wci\u0105\u017c popularny system stosowany w wielu miejscach.<\/h3>\n<p><b>\u017baluzje pionowe Verticale<\/b>&nbsp;najcz\u0119\u015bciej stosowane s\u0105: w biurach, bankach, szko\u0142ach, hotelach, salach konferencyjnych, gabinetach lekarskich oraz w wielu innych instytucjach.<br \/>\nDoskonale sprawdz\u0105 si\u0119 r\u00f3wnie\u017c w domowym gabinecie, zimowym ogrodzie lub przydomowym krytym basenie.<\/p>\n<p><img loading=\"lazy\" decoding=\"async\" class=\"size-full wp-image-1739 alignnone\" style=\"border: 1px solid black; margin: 5px;\" src=\"http:\/\/dekorowanieokien.pl\/wp-content\/uploads\/2014\/03\/zaluzje-pionowe-2.jpg\" alt=\"zaluzje-pionowe-2\" width=\"297\" height=\"212\"> <img loading=\"lazy\" decoding=\"async\" class=\"size-full wp-image-1736 alignnone\" style=\"border: 1px solid black; margin: 5px;\" src=\"http:\/\/dekorowanieokien.pl\/wp-content\/uploads\/2014\/03\/yaluzje-pionowe4.jpg\" alt=\"yaluzje-pionowe4\" width=\"298\" height=\"212\"><\/p>\n<p>Ich funkcjonalno\u015b\u0107 mo\u017cna por\u00f3wna\u0107 do \u017caluzji poziomych (niezale\u017cne funkcje zsuwania i obrotu lameli).<br \/>\nBardzo szeroka gama wzor\u00f3w o&nbsp;r\u00f3\u017cnorodnych cechach (niepalne, black-out, screen) oraz do\u015b\u0107 du\u017ca paleta kolor\u00f3w, spe\u0142ni wszelkie wymagania.<br \/>\nDost\u0119pne systemy o szeroko\u015bci lameli 89mm i 127mm.<\/p>\n<p><img loading=\"lazy\" decoding=\"async\" class=\"size-full wp-image-1740 alignnone\" style=\"border: 1px solid black; margin: 5px;\" src=\"http:\/\/dekorowanieokien.pl\/wp-content\/uploads\/2014\/03\/zaluzje-pionowe-3.jpg\" alt=\"zaluzje-pionowe-3\" width=\"297\" height=\"212\"> <img loading=\"lazy\" decoding=\"async\" class=\"size-full wp-image-1737 alignnone\" style=\"border: 1px solid black; margin: 5px;\" src=\"http:\/\/dekorowanieokien.pl\/wp-content\/uploads\/2014\/03\/yaluzje-pionowe-5.jpg\" alt=\"yaluzje-pionowe-5\" width=\"297\" height=\"212\"><\/p>\n<h4>Rodzaje pas\u00f3w \/lameli\/:<\/h4>\n<ol>\n<li><strong>Materia\u0142owe<\/strong> &#8211; Stanowi\u0105 ciekaw\u0105 alternatyw\u0119 dla zas\u0142on, firan czy \u017caluzji poziomych stanowi\u0105c element dekoracyjny okna. Bardzo du\u017cy wyb\u00f3r wzor\u00f3w zadowoli nawet najbardziej wymagaj\u0105cych projektant\u00f3w wn\u0119trz.<br \/>\nWyst\u0119puj\u0105 w szeroko\u015bciach 89 mm i 127 mm.<br \/>\n<img loading=\"lazy\" decoding=\"async\" class=\"size-full wp-image-1861 alignleft\" style=\"margin-top: 5px; margin-bottom: 5px;\" src=\"http:\/\/dekorowanieokien.pl\/wp-content\/uploads\/2014\/03\/vertic_1.jpg\" alt=\"vertic_1\" width=\"212\" height=\"296\"> <img loading=\"lazy\" decoding=\"async\" class=\"size-full wp-image-1862 alignnone\" style=\"border: 1px solid black; margin-top: 5px; margin-bottom: 5px;\" src=\"http:\/\/dekorowanieokien.pl\/wp-content\/uploads\/2014\/03\/vertic_2.jpg\" alt=\"vertic_2\" width=\"212\" height=\"296\"><br \/>\n&nbsp;<\/li>\n<li><strong>PCV<\/strong> &#8211; Alternatyw\u0105 dla lameli tekstylnych wykonanych najcz\u0119\u015bciej z poliestru lub w\u0142\u00f3kna szklanego s\u0105 lamele PCV.<br \/>\nZaletami verticali PCV jest to \u017ce, mog\u0105 zaciemnia\u0107 okno znacznie dok\u0142adniej od \u017caluzji tekstylnych.<br \/>\nPosiadaj\u0105 atest niepalno\u015bci. Nie poch\u0142aniaj\u0105 kurzu, wilgoci i&nbsp;zapach\u00f3w, przez co s\u0105 \u0142atwo zmywalne.<br \/>\nProste i niezawodne w eksploatacji przez wiele lat utrzymuj\u0105 oryginalne walory estetyczne i funkcjonalne.<br \/>\nWyst\u0119puj\u0105 w szeroko\u015bci 89 mm.<\/li>\n<li><strong>Sznurkowe<\/strong>&nbsp;&#8211;&nbsp;System&nbsp;<strong>Strings<\/strong>&nbsp;jest idealnym produktem zar\u00f3wno do domu jak i do biura czy firmy.<br \/>\nPolecana tym, kt\u00f3rzy ceni\u0105 sobie praktyczno\u015b\u0107 i elegancj\u0119.<br \/>\nSystem ten to nic innego jak wolno wisz\u0105ce sznurki po\u0142\u0105czone w lamelki o szeroko\u015bci 89mm i d\u0142ugo\u015bci do 3m.<br \/>\nZalet\u0105 tego systemu jest to i\u017c mo\u017cna swobodnie przechodzi\u0107 mi\u0119dzy wolno-wisz\u0105cymi sznurkami.<br \/>\nWyst\u0119puj\u0105 w szeroko\u015bci 89 mm.<\/li>\n<li><strong>Aluminiowe<\/strong> &#8211;&nbsp;\u017baluzje pionowe z lamelami aluminiowymi podobnie jak PVC nadaj\u0105 si\u0119 do monta\u017cu w pomieszczeniach o&nbsp;podwy\u017cszonej wilgotno\u015bci oraz s\u0105 \u0142atwe w utrzymaniu czysto\u015bci.<br \/>\n\u017baluzje z lamelami 89 mm, ze wzgl\u0119du na sw\u00f3j wi\u0119kszy rozmiar szczeg\u00f3lnie dobrze wpasowuj\u0105 si\u0119 w du\u017ce powierzchnie nowoczesnych budynk\u00f3w.<br \/>\nWyst\u0119puj\u0105 w szeroko\u015bci 89 mm.<\/li>\n<\/ol>\n<h4>Sterowanie.<\/h4>\n<p><span style=\"line-height: 1.5em;\">W \u017caluzjach pionowych w wersji standard, obr\u00f3t lameli dokonywany jest za pomoc\u0105 \u0142a\u0144cuszka, natomiast zsuwanie odbywa si\u0119 za pomoc\u0105 sznurka.<br \/>\nIstnieje mo\u017cliwo\u015b\u0107 zamontowania \u017caluzji sterowanej elektrycznie.<\/span><\/p>\n<p><img loading=\"lazy\" decoding=\"async\" class=\"alignnone size-full wp-image-1738\" style=\"border: 1px solid black; margin: 5px;\" src=\"http:\/\/dekorowanieokien.pl\/wp-content\/uploads\/2014\/03\/yaluzje-pionowe-sterowanie-standard.jpg\" alt=\"yaluzje-pionowe-sterowanie-standard\" width=\"298\" height=\"212\"> <img loading=\"lazy\" decoding=\"async\" class=\"alignnone size-full wp-image-1755\" style=\"border: 1px solid black; margin: 5px;\" src=\"http:\/\/dekorowanieokien.pl\/wp-content\/uploads\/2014\/03\/zaluzje-pionowe-aluminium-8.jpg\" alt=\"zaluzje-pionowe-aluminium-8\" width=\"296\" height=\"212\"><\/p>\n<p>\u017beby dowiedzie\u0107 si\u0119 wi\u0119cej lub \u017ceby zam\u00f3wi\u0107 pomiar&nbsp;<a title=\"Kontakt.\" href=\"http:\/\/dekorowanieokien.pl\/?page_id=2294\">napisz do nas lub zadzwo\u0144<\/a>.<\/p>\n<p>&nbsp;<\/p>\n","protected":false},"excerpt":{"rendered":"<p>\u017baluzje pionowe Verticale, to wci\u0105\u017c popularny system stosowany w wielu miejscach. \u017baluzje pionowe Verticale&nbsp;najcz\u0119\u015bciej stosowane s\u0105: w biurach, bankach, szko\u0142ach, hotelach, salach konferencyjnych, gabinetach lekarskich oraz w wielu innych instytucjach. Doskonale sprawdz\u0105 si\u0119 r\u00f3wnie\u017c w domowym gabinecie, zimowym ogrodzie lub przydomowym krytym basenie. Ich funkcjonalno\u015b\u0107 mo\u017cna por\u00f3wna\u0107 do \u017caluzji poziomych (niezale\u017cne funkcje zsuwania i obrotu [&hellip;]<\/p>\n","protected":false},"author":5,"featured_media":0,"parent":863,"menu_order":104,"comment_status":"closed","ping_status":"open","template":"","meta":{"ngg_post_thumbnail":0,"footnotes":""},"class_list":["post-1721","page","type-page","status-publish","hentry"],"_links":{"self":[{"href":"https:\/\/dekorowanieokien.pl\/index.php?rest_route=\/wp\/v2\/pages\/1721","targetHints":{"allow":["GET"]}}],"collection":[{"href":"https:\/\/dekorowanieokien.pl\/index.php?rest_route=\/wp\/v2\/pages"}],"about":[{"href":"https:\/\/dekorowanieokien.pl\/index.php?rest_route=\/wp\/v2\/types\/page"}],"author":[{"embeddable":true,"href":"https:\/\/dekorowanieokien.pl\/index.php?rest_route=\/wp\/v2\/users\/5"}],"replies":[{"embeddable":true,"href":"https:\/\/dekorowanieokien.pl\/index.php?rest_route=%2Fwp%2Fv2%2Fcomments&post=1721"}],"version-history":[{"count":2,"href":"https:\/\/dekorowanieokien.pl\/index.php?rest_route=\/wp\/v2\/pages\/1721\/revisions"}],"predecessor-version":[{"id":3978,"href":"https:\/\/dekorowanieokien.pl\/index.php?rest_route=\/wp\/v2\/pages\/1721\/revisions\/3978"}],"up":[{"embeddable":true,"href":"https:\/\/dekorowanieokien.pl\/index.php?rest_route=\/wp\/v2\/pages\/863"}],"wp:attachment":[{"href":"https:\/\/dekorowanieokien.pl\/index.php?rest_route=%2Fwp%2Fv2%2Fmedia&parent=1721"}],"curies":[{"name":"wp","href":"https:\/\/api.w.org\/{rel}","templated":true}]}}