{"id":1207,"date":"2013-08-20T13:43:08","date_gmt":"2013-08-20T11:43:08","guid":{"rendered":"http:\/\/dekorowanieokien.pl\/?page_id=1207"},"modified":"2018-05-21T10:23:18","modified_gmt":"2018-05-21T08:23:18","slug":"pozostale-dodatki","status":"publish","type":"page","link":"https:\/\/dekorowanieokien.pl\/?page_id=1207","title":{"rendered":"POZOSTA\u0141E DODATKI"},"content":{"rendered":"<p><img loading=\"lazy\" decoding=\"async\" class=\"aligncenter size-full wp-image-1614\" alt=\"dodatki_MD\" src=\"http:\/\/dekorowanieokien.pl\/wp-content\/uploads\/2013\/08\/dodatki_MD.jpg\" width=\"624\" height=\"208\" \/><\/p>\n<p>Poni\u017cej przedstawiamy przyk\u0142adowe artyku\u0142y z wybranych grup :<\/p>\n<h4>KARNISZE MINI :<\/h4>\nngg_shortcode_0_placeholder\n<h4>KLIPSY MAGNETYCZNE :<\/h4>\nngg_shortcode_1_placeholder\n<h4>KLAMRY KOBRA I CYLINDER<span style=\"font-size: 1em;\">\u00a0:<\/span><\/h4>\nngg_shortcode_2_placeholder\n<h4>KLAMRY DO ARANZACJI :<\/h4>\nngg_shortcode_3_placeholder\n<h4>KLAMRY DO SZELEK :<\/h4>\nngg_shortcode_4_placeholder\n<h4>PRZELOTKI :<\/h4>\nngg_shortcode_5_placeholder\n<p>&nbsp;<\/p>\n","protected":false},"excerpt":{"rendered":"<p>Poni\u017cej przedstawiamy przyk\u0142adowe artyku\u0142y z wybranych grup : KARNISZE MINI : KLIPSY MAGNETYCZNE : KLAMRY KOBRA I CYLINDER\u00a0: KLAMRY DO ARANZACJI : KLAMRY DO SZELEK : PRZELOTKI : &nbsp;<\/p>\n","protected":false},"author":5,"featured_media":0,"parent":7,"menu_order":213,"comment_status":"closed","ping_status":"open","template":"","meta":{"ngg_post_thumbnail":0,"footnotes":""},"class_list":["post-1207","page","type-page","status-publish","hentry"],"_links":{"self":[{"href":"https:\/\/dekorowanieokien.pl\/index.php?rest_route=\/wp\/v2\/pages\/1207","targetHints":{"allow":["GET"]}}],"collection":[{"href":"https:\/\/dekorowanieokien.pl\/index.php?rest_route=\/wp\/v2\/pages"}],"about":[{"href":"https:\/\/dekorowanieokien.pl\/index.php?rest_route=\/wp\/v2\/types\/page"}],"author":[{"embeddable":true,"href":"https:\/\/dekorowanieokien.pl\/index.php?rest_route=\/wp\/v2\/users\/5"}],"replies":[{"embeddable":true,"href":"https:\/\/dekorowanieokien.pl\/index.php?rest_route=%2Fwp%2Fv2%2Fcomments&post=1207"}],"version-history":[{"count":2,"href":"https:\/\/dekorowanieokien.pl\/index.php?rest_route=\/wp\/v2\/pages\/1207\/revisions"}],"predecessor-version":[{"id":2691,"href":"https:\/\/dekorowanieokien.pl\/index.php?rest_route=\/wp\/v2\/pages\/1207\/revisions\/2691"}],"up":[{"embeddable":true,"href":"https:\/\/dekorowanieokien.pl\/index.php?rest_route=\/wp\/v2\/pages\/7"}],"wp:attachment":[{"href":"https:\/\/dekorowanieokien.pl\/index.php?rest_route=%2Fwp%2Fv2%2Fmedia&parent=1207"}],"curies":[{"name":"wp","href":"https:\/\/api.w.org\/{rel}","templated":true}]}}